{"id":844,"date":"2013-07-04T17:42:50","date_gmt":"2013-07-04T15:42:50","guid":{"rendered":"http:\/\/www.nomercysupply.nl\/site\/?page_id=844"},"modified":"2017-06-22T14:51:13","modified_gmt":"2017-06-22T12:51:13","slug":"sweet-jane","status":"publish","type":"page","link":"https:\/\/www.nomercy.nl\/site\/es\/productos\/sweet-jane\/","title":{"rendered":"Sweet Jane"},"content":{"rendered":"<br\/><br\/><div class=\"cloudfw-fatal-error\"><strong>Error<\/strong>: Slider cannot found<\/div><br\/><br\/><div class=\"down\"><\/div><h1>Sweet Jane 1 & 2<\/h1><h4>El fertilizante inteligente con base bio-mineral<\/h4><p class=\"d2\" style=\"border-bottom-color: #335d23 !important; \"><\/p><div class=\"cf clear\"><\/div><div class=\"auto-format\"><p>Sweet Jane 1 &#038; 2 se han desarrollado para las necesidades nutricionales del cultivo. Debido a que las necesidades nutricionales durante la floraci\u00f3n, fructificaci\u00f3n y maduraci\u00f3n no son iguales, hemos desarrollado un fertilizante que tiene muy en cuenta las necesidades de los cultivos en las diferentes etapas. Debido a esto los cultivos no carecer\u00e1n de nada, pero no quedan nutrientes en el suelo que pueden causar acumulaciones y por lo tanto puede causar obstrucciones.  Los elementos trazan en la parte mineral un complejo con un agente quelante. El hierro se une al quelato Fe-EDDHA, permitiendo la incorporaci\u00f3n de hierro incluso con anomal\u00edas de PH.<br \/>\nSweet Jane 1 tiene una relaci\u00f3n de NPK de 7-7-7. Este fertilizante es adecuado desde el inicio de los cultivos hasta la fase 2 de la fructificaci\u00f3n. Sweet Jane 2 tiene una relaci\u00f3n de NPK de 2-4-9. Este fertilizante es para el resto del ciclo. Sweet Jane 1 &#038; 2 pueden ser mezclados durante la semana de transici\u00f3n para una transici\u00f3n menos dr\u00e1stica.<br \/>\nUsando Grow Sensation durante el per\u00edodo vegetativo y Bloom Sensation durante la floraci\u00f3n\/fructificaci\u00f3n dar\u00e1 lugar a resultados a\u00fan mejores, pero no es obligatorio. Con el simple uso de Sweet Jane es posible obtener resultados sorprendentes.<br \/>\nLa dosis recomendada para Sweet Jane 1 &#038; 2 es un m\u00e1ximo de 10 mililitros de Sweet Jane en 2 litros de agua para las plantas maduras. Se puede administrar en todo momento. Para las plantas m\u00e1s peque\u00f1as de 30 cm (12 pulgadas) se debe usar la mitad de la dosis. Se prefiere el uso de un medidor de CE al crear una soluci\u00f3n de fertilizante.<br \/>\nSweet Jane est\u00e1 disponible en formato de 1 y 10 litros. Tambi\u00e9n est\u00e1 disponible <a href=\"https:\/\/www.nomercyshop.nl\/plant-nutrition\/no-mercy-supply-1111202508\/sweet-jane\"target=\"_blank\"><font color=\"#0000ff\"><b> aqu\u00ed<\/b><\/font><\/A><\/p>\n<\/div><div class=\"cf\"><\/div>","protected":false},"excerpt":{"rendered":"<p>Error: Slider cannot foundSweet Jane 1 &#038; 2El fertilizante inteligente con base bio-mineralSweet Jane 1 &#038; 2 se han desarrollado para las necesidades nutricionales del cultivo. Debido a que las necesidades nutricionales durante la floraci\u00f3n, fructificaci\u00f3n y maduraci\u00f3n no son iguales, hemos desarrollado un fertilizante que tiene muy en cuenta las necesidades de los cultivos [&hellip;]<\/p>\n","protected":false},"author":1,"featured_media":0,"parent":902,"menu_order":5,"comment_status":"closed","ping_status":"closed","template":"","meta":[],"_links":{"self":[{"href":"https:\/\/www.nomercy.nl\/site\/wp-json\/wp\/v2\/pages\/844"}],"collection":[{"href":"https:\/\/www.nomercy.nl\/site\/wp-json\/wp\/v2\/pages"}],"about":[{"href":"https:\/\/www.nomercy.nl\/site\/wp-json\/wp\/v2\/types\/page"}],"author":[{"embeddable":true,"href":"https:\/\/www.nomercy.nl\/site\/wp-json\/wp\/v2\/users\/1"}],"replies":[{"embeddable":true,"href":"https:\/\/www.nomercy.nl\/site\/wp-json\/wp\/v2\/comments?post=844"}],"version-history":[{"count":1,"href":"https:\/\/www.nomercy.nl\/site\/wp-json\/wp\/v2\/pages\/844\/revisions"}],"predecessor-version":[{"id":845,"href":"https:\/\/www.nomercy.nl\/site\/wp-json\/wp\/v2\/pages\/844\/revisions\/845"}],"up":[{"embeddable":true,"href":"https:\/\/www.nomercy.nl\/site\/wp-json\/wp\/v2\/pages\/902"}],"wp:attachment":[{"href":"https:\/\/www.nomercy.nl\/site\/wp-json\/wp\/v2\/media?parent=844"}],"curies":[{"name":"wp","href":"https:\/\/api.w.org\/{rel}","templated":true}]}}