{"id":832,"date":"2013-09-22T16:32:28","date_gmt":"2013-09-22T14:32:28","guid":{"rendered":"http:\/\/www.nomercysupply.nl\/site\/?page_id=832"},"modified":"2017-06-22T14:21:14","modified_gmt":"2017-06-22T12:21:14","slug":"832-2","status":"publish","type":"page","link":"https:\/\/www.nomercy.nl\/site\/es\/productos\/832-2\/","title":{"rendered":"Bacterial"},"content":{"rendered":"\r\n\t\t\t<script type=\"text\/javascript\">\r\n\t\t\t\t\r\n\t\t\t\tjQuery(document).ready(function(){\r\n\r\n\t\t\t\t\t\tjQuery(\"#cycle-c25d > li:eq(0) > img\").imagesLoaded(function() {\r\n\t\t\t\t\t\t\tvar layer_slider_count = jQuery(\"#cycle-c25d > li\").length;\r\n\r\n\t\t\t\t\t\t\tif ( jQuery.browser.mozilla ) {\r\n\t\t\t\t\t\t\t\t\tjQuery(\"#cycle-c25d\").find(\"[data-transition]\").each(\r\n\t\t\t\t\t\t\t\t\tfunction () {\r\n\t\t\t\t\t\t\t            var ele = jQuery(this);\r\n\t\t\t\t\t\t\t            var trans = ele.attr(\"data-transition\");\r\n\t\t\t\t\t\t\t            ele.removeClass(\"animated\").removeClass(trans);\r\n\t\t\t\t\t\t\t\t    }\r\n\t\t\t\t\t\t\t\t);\r\n\r\n\t\t\t\t\t\t\t\tif ( layer_slider_count == 1 ) {\r\n\r\n\t\t\t\t\t\t\t\t\tjQuery(\"#cycle-c25d > li\").first().find(\"[data-transition]\").each(\r\n\t\t\t\t\t\t\t\t\t\tfunction () {\r\n\t\t\t\t\t\t\t\t\t\t\tvar ele = jQuery(this);\r\n\t\t\t\t\t\t\t\t\t\t\tvar trans = ele.attr(\"data-transition\");\r\n\t\t\t\t\t\t\t\t\t\t\tele.addClass(\"animated \" + trans);\r\n\t\t\t\t\t\t\t\t\t\t}\r\n\t\t\t\t\t\t\t\t\t );\r\n\r\n\t\t\t\t\t\t\t\t}\r\n\t\t\t                }\r\n\r\n\t\t\t\t\t\t\tvar cycle_slider = jQuery(\"#cycle-c25d\").cycle({\r\n\t\t\t\t\t\t\t\t\/\/timeout: 5000,\r\n\t\t\t\t\t\t\t\tspeed: 500,\r\n\t\t\t\t\t\t\t\tfx: \"fade\",\r\n\t\t\t\t\t\t\t\tslideResize: true,\r\n\t\t\t\t\t\t\t    containerResize: false,\r\n\t\t\t\t\t\t\t    width: \"100%\",\r\n\t\t\t\t\t\t\t\theight: 376,\r\n\t\t\t\t\t\t\t    fit: 1,\r\n\t\t\t\t\t\t\t\tpager:  \"#cycle-c25d_pager\",\r\n\t\t\t\t\t\t\t\tpagerAnchorBuilder: function(idx, slide) { \r\n\t\t\t\t\t\t\t\t\treturn \"#cycle-c25d_pager li:eq(\" + idx + \") a\";\r\n\t\t\t\t\t\t\t\t},\r\n\t\t\t\t\t\t\t\tprev:    \"#cycle-c25d_navigation .prev\",\r\n\t\t\t\t\t\t\t\tnext:    \"#cycle-c25d_navigation .next\",\r\n\t\t\t\t\t\t\t\tpause:  true,\r\n\t\t\t\t\t\t\t\tpaused: function(cont, opts, byHover) {\r\n\t\t\t\t\t\t\t\t\tcycle_slider_state.find(\"a\").addClass(\"paused\").removeClass(\"resumed\");\r\n\t\t\t\t\t\t\t\t},\r\n\t\t\t\t\t\t\t\tresumed: function(cont, opts, byHover) {\r\n\t\t\t\t\t\t\t\t\tcycle_slider_state.find(\"a\").addClass(\"resumed\").removeClass(\"paused\");\r\n\t\t\t\t\t\t\t\t},\r\n\r\n\t\t\t\t\t\t\t\ttimeoutFn: function(currSlideElement, nextSlideElement, options, forwardFlag){\r\n\t\t\t\t\t\t\t\t\tvar elements = jQuery(currSlideElement).parent(),\r\n\t\t\t\t\t\t\t\t\t\tcurrent  = elements.children(\".current\");\r\n\r\n\t\t\t\t\t\t\t\t\tvar spec_timeout = parseFloat(current.attr(\"data-timeout\"));\r\n\r\n\t\t\t\t\t\t\t\t\tif ( spec_timeout > 0 ) {\r\n\t\t\t\t\t\t\t\t\t\treturn spec_timeout;\r\n\t\t\t\t\t\t\t\t\t}\r\n\r\n\t\t\t\t\t\t\t\t\treturn 5000;\r\n\t\t\t\t\t\t\t\t},\r\n\r\n\r\n\t\t\t\t\t\t\t\tbefore:function (currSlideElement, nextSlideElement, options, forwardFlag) {\r\n\t\t\t\t\t\t\t\t\tjQuery(currSlideElement).removeClass(\"current\");\r\n\t\t\t\t\t\t\t\t\tjQuery(nextSlideElement).addClass(\"current\");\r\n\r\n\t\t\t\t\t\t\t\t\tif ( jQuery.browser.mozilla ) {\r\n\r\n\t\t\t\t\t\t\t\t\t\tjQuery(nextSlideElement).find(\"[data-transition]\").each(\r\n\t\t\t\t\t\t\t\t\t\t\tfunction () {\r\n\t\t\t\t\t\t\t\t\t\t\t\tvar ele = jQuery(this);\r\n\t\t\t\t\t\t\t\t\t\t\t\tvar trans = ele.attr(\"data-transition\");\r\n\t\t\t\t\t\t\t\t\t\t\t\tele.removeClass(\"animated\").removeClass(trans).css(\"visibility\", \"hidden\");\r\n\t\t\t\t\t\t\t\t\t\t\t}\r\n\t\t\t\t\t\t\t\t\t\t);\r\n\r\n\t\t\t\t\t\t\t\t\t\tif (currSlideElement != nextSlideElement) {\r\n\t\t\t\t\t\t\t\t\t\t\tjQuery(currSlideElement).find(\"[data-transition]\").each(\r\n\t\t\t\t\t\t\t\t\t\t\t\tfunction () {\r\n\t\t\t\t\t\t\t\t\t\t\t\t\tvar ele = jQuery(this);\r\n\t\t\t\t\t\t\t\t\t\t\t\t\tvar trans = ele.attr(\"data-transition\");\r\n\t\t\t\t\t\t\t\t\t\t\t\t\tele.removeClass(\"animated\").removeClass(trans);\r\n\t\t\t\t\t\t\t\t\t\t\t\t}\r\n\t\t\t\t\t\t\t\t\t\t\t);\r\n\t\t\t\t\t\t\t\t\t\t}\r\n\t\t\t\t\t\t\t\t\t}\r\n\r\n\t\t\t\t\t\t\t\t},\r\n\r\n\t\t\t\t\t\t\t\tafter:function (currSlideElement, nextSlideElement, options, forwardFlag) {\r\n\t\t\t\t\t\t\t\t\tjQuery(currSlideElement).removeClass(\"current\");\r\n\t\t\t\t\t\t\t\t\tjQuery(nextSlideElement).addClass(\"current\");\r\n\t\t\t\t\t\t\t\t\tif ( jQuery.browser.mozilla ) {\r\n\r\n\t\t\t\t\t\t\t\t\t\t\/** Add Classes *\/\r\n\t\t\t\t\t\t\t\t\t\tjQuery(nextSlideElement).find(\"[data-transition]\").each(\r\n\t\t\t\t\t\t\t\t\t\t\tfunction () {\r\n\t\t\t\t\t\t\t\t\t\t\t\tvar ele = jQuery(this);\r\n\t\t\t\t\t\t\t\t\t\t\t\tvar trans = ele.attr(\"data-transition\");\r\n\t\t\t\t\t\t\t\t\t\t\t\tele.css(\"visibility\", \"visible\").addClass(\"animated \" + trans);\r\n\t\t\t\t\t\t\t\t\t\t\t}\r\n\t\t\t\t\t\t\t\t\t\t);\r\n\r\n\t\t\t\t\t\t\t\t\t}\r\n\t\t\t\t\t\t\t\t}\r\n\t\t\t\t\t\t\t});\r\n\t\t\t\t\t\t\t\r\n\t\t\t\t\t\t\t\/*\r\n\t\t\t\t\t\t\t\tjQuery(\"#cycle-c25d\").hover(function(){\r\n\t\t\t\t\t\t\t\t\tcycle_slider.cycle(\"pause\", true);\r\n\t\t\t\t\t\t\t\t},function(){\r\n\t\t\t\t\t\t\t\t\tcycle_slider.cycle(\"resume\", true);\r\n\t\t\t\t\t\t\t\t});\r\n\r\n\t\t\t\t\t\t\t*\/\r\n\r\n\t\t\t\t\t\t\t\t\r\n\r\n\t\t\t\t\t\t\tjQuery(\"#cycle-c25d_placeholder\").hide();\r\n\r\n\t\t\t\t\t\t\tjQuery(\"#cycle-c25d_placeholder\").hide();\r\n\t\t\t\t\t\t\tcycle_slider.show();\r\n\t\t\t\t\t\t\tjQuery(\"#cycle-c25d_pager, #cycle-c25d_navigation, #cycle-c25d_state\").delay(1000).fadeIn();\r\n\t\t\t\t\t\t\tcfw_refreshScrollbar();\r\n\r\n\t\t\t\t\t\t\tvar cycle_slider_state = jQuery(\"#cycle-c25d_state\").click(function() {\r\n\t\t\t\t\t\t\t\tvar paused = cycle_slider.is(\":paused\");\r\n\t\t\t\t\t\t\t\tcycle_slider.cycle(paused ? \"resume\" : \"pause\", true);\r\n\t\t\t\t\t\t\t});\r\n\r\n\t\t\t\t\t\t\t\/** Swipe *\/\r\n\t\t\t\t\t\t\tif( jQuery.isFunction(jQuery.fn.swipe) ) {\r\n\r\n\t\t\t\t\t\t\t\tjQuery(\"#cycle-c25d\").swipe({\r\n\t\t\t\t\t\t\t\t\tallowPageScroll: \"vertical\",\r\n\t\t\t\t\t\t\t\t\tswipe:function(event, direction, distance, duration, fingerCount) {\r\n\t\t\t\t\t\t\t\t\t\tif ( direction == \"left\" )\r\n\t\t\t\t\t\t\t\t\t\t\tjQuery(\"#cycle-c25d_navigation .prev\").click();\r\n\t\t\t\t\t\t\t\t\t\telse\r\n\t\t\t\t\t\t\t\t\t\t\tjQuery(\"#cycle-c25d_navigation .next\").click();\r\n\r\n\t\t\t\t\t\t\t\t\t}\r\n\t\t\t\t\t\t\t\t});\r\n\t\t\t\t\t\t\t}\r\n\t\t\r\n\t\t\t\t\t\t\t\/** Set Height *\/\r\n\t\t\t\t\t\t\tvar device_callback = function( event, device ){\r\n\r\n\t\t\t\t\t\t\t\tif ( device == \"tablet\" )\r\n\t\t\t\t\t\t\t\t\tvar spec_height = 376; \r\n\t\t\t\t\t\t\t\telse if ( device == \"mobile\" )\r\n\t\t\t\t\t\t\t\t\tvar spec_height = 376;\r\n\t\t\t\t\t\t\t\telse if ( device == \"mobile-portrait\" ) {\r\n\t\t\t\t\t\t\t\t\tvar spec_height = 376;\r\n\t\t\t\t\t\t\t\t}\r\n\t\t\t\t\t\t\t\telse\r\n\t\t\t\t\t\t\t\t\tvar spec_height = 376;\r\n\r\n\t\t\t\t\t\t\t\tjQuery(\"#cycle-c25d\").css(\"height\", spec_height);\r\n\t\t\t\t\t\t\t\tjQuery(\"#cycle-c25d > li\").css(\"height\", spec_height);\r\n\t\t\t\t\t\t\t\tjQuery(\"#cycle-c25d_placeholder\").css(\"height\", spec_height);\r\n\r\n\r\n\t\t\t\t\t\t\t}\r\n\r\n\t\t\t\t\t\t\tdevice_callback( [], CloudFwOp.device );\r\n\t\t\t\t\t\t\tjQuery(window).bind(\"CloudFwDetectDevice\", device_callback );\r\n\r\n\t\t\t\t\t\t});\r\n\t\t\t\t\t\t\t\r\n\r\n\t\t\t\t});\t\t\t\t\t\t\t\t\r\n\r\n\r\n\t\t\t<\/script>\r\n\t\t\t\r\n\t\t\t\r\n\t\t\t<div class=\"cycle-wrap fill\">\r\n\t\t\t\t<div id=\"cycle-c25d_placeholder\" class=\"cycle-placeholder\" style=\"height: 376px; \"><\/div>\r\n\r\n\t\t\t\t<ul id=\"cycle-c25d\" class=\"cycle global-radius nobr-bottom overflow-hidden nobr-bottom-handler left pagination-off\" style=\"display:none; width: 100%;height: 376px; \"><li class=\"global-radius nobr-bottom\" style=\"position:relative; overflow:hidden;height: 376px; \" data-timeout=\"0\"><div class=\"slider-layer  animated fadeInRight hover-moveRight\" data-transition=\"fadeInRight\"  style=\"top: 94px; left: 292px; z-index: 50; animation-delay: 1s;-moz-animation-delay: 1s;-webkit-animation-delay: 1s;-ms-animation-delay: 1s;-o-animation-delay: 1s; \"><img src=\"http:\/\/www.nomercy.nl\/site\/wp-content\/uploads\/2014\/05\/No-Mercy-Suppy_Bacterial-50ML.png\" class=\"slider-layer-img\" alt=\"\"\/><\/div><div class=\"slider-layer  animated fadeInRight hover-moveRight\" data-transition=\"fadeInRight\"  style=\"top: 64px; left: 557px; z-index: 40; animation-delay: 1s;-moz-animation-delay: 1s;-webkit-animation-delay: 1s;-ms-animation-delay: 1s;-o-animation-delay: 1s; \"><img src=\"http:\/\/www.nomercy.nl\/site\/wp-content\/uploads\/2014\/05\/No-Mercy-Suppy_Bacterial-200ML.png\" class=\"slider-layer-img\" alt=\"\"\/><\/div><div class=\"slider-layer  animated fadeInLeft\" data-transition=\"fadeInLeft\"  style=\"top: 72px; left: 30px; z-index: 30; animation-delay: 1s;-moz-animation-delay: 1s;-webkit-animation-delay: 1s;-ms-animation-delay: 1s;-o-animation-delay: 1s; \"><img src=\"http:\/\/www.nomercy.nl\/site\/wp-content\/uploads\/2014\/05\/No-Mercy-Suppy_Bacterial.png\" class=\"slider-layer-img\" alt=\"\"\/><\/div><div class=\"slider-layer  animated fadeIn\" data-transition=\"fadeIn\"  style=\"top: 49px; left: 0px; z-index: 20; \"><img src=\"http:\/\/www.nomercy.nl\/site\/wp-content\/uploads\/2014\/05\/No-Mercy-Suppy_Balk-Wit-1.png\" class=\"slider-layer-img\" alt=\"\"\/><\/div><div class=\"slider-layer  animated fadeIn\" data-transition=\"fadeIn\"  style=\"top: 125px; left: 0px; z-index: 10; \"><img src=\"http:\/\/www.nomercy.nl\/site\/wp-content\/uploads\/2014\/05\/No-Mercy-Suppy_BG-Bacterial.png\" class=\"slider-layer-img\" alt=\"\"\/><\/div><\/li><\/ul><div style=\"display:none;\"><div id=\"cycle-c25d_navigation\" style=\"display:none;\" class=\"cycle-navigation\"><a href=\"javascript:;\" class=\"prev sprite\">Previous<\/a><a href=\"javascript:;\" class=\"next sprite\">Next<\/a><\/div><\/div><\/div><!-- \/.cycle-wrap --><div class=\"down\"><\/div><h1>Bacterial<\/h1><h4>Acelera la aparici\u00f3n de un equilibrio natural en cualquier medio de cultivo<\/h4><p class=\"d2\" style=\"border-bottom-color: #335d23 !important; \"><\/p><div class=\"cf clear\"><\/div><div class=\"auto-format\"><p>Con Bacterial obtienes un cultivo liofilizado (deshidratado por congelaci\u00f3n) de microorganismos. Si se mezcla el contenido de Bacterial con agua, miles de millones de bacterias nitrificantes crecen en un plazo de 24 horas. A\u00fan siendo tan peque\u00f1as las bacterias nitrificantes son esenciales para la vida en la Tierra, incluyendo a las plantas. Junto con las enzimas y los mohos estas bacterias transforman los residuos org\u00e1nicos en nutrientes de re &#8211; utilizables para las plantas. Para conseguir el ambiente adecuado en el medio de crecimiento de sus plantas se ha desarrollado este biol\u00f3gico  producto de resultados fiables y r\u00e1pidos: Bacterial. No s\u00f3lo es un estimulante del crecimiento bacteriano, puesto que las bacterias nitrificantes son verdaderos devoradores de residuos tambi\u00e9n puede reducir el aumento de su medio de cultivo. Bacterial se puede utilizar en hidrosistemas  y biosistemas.<\/p>\n<p><strong>Uso en hidrosistemas:<\/strong><br \/>\nBacterial necesita alrededor de 24 horas para desarrollar la m\u00e1xima cantidad (billones) de bacterias. Usted puede utilizar Bacterial directamente en el barril de su hidrosistema o preparar la mezcla por separado en un cubo (10litros) de agua (pH 5,8-7) a temperatura ambiente y poner el agua en el barril despu\u00e9s de 24 horas.<br \/>\nUna o dos cucharadas de postre son suficientes aunque una sobredosis no es problem\u00e1tica. El esquema de fertilizaci\u00f3n puede permanecer sin cambios y Bacterial puede a\u00f1adirse cuando se considere necesario. Una dosis semanal regular de bacterias dar\u00e1 mejores resultados. Mantenga vigilado el filtro del barril cuando se a\u00f1ade la mezcla bacteriana porque los sistemas de riego de m\u00e1s antig\u00fcedad corren el riesgo de obstrucci\u00f3n con los restos que Bacterial origina. Bacterial es tambi\u00e9n ideal para eliminar las malas hierbas, va a crear un ambiente m\u00e1s sano para sus plantas. Si tiene que usar un fungicida, utilice Bacterial despu\u00e9s de aplicarlo. No utilice un fungicida poco despu\u00e9s de la aplicaci\u00f3n, ya que esto probablemente tambi\u00e9n mata las bacterias que nos proporciona Bacterial.<\/p>\n<p><strong>Uso en biosistemas::<\/strong><br \/>\nLa forma m\u00e1s habitual y m\u00e1s f\u00e1cil de agregar Bacterial es mezcl\u00e1ndolo con el agua de riego. Mezclar una o dos cucharas de postre en un cubo de agua (pH 6,2-7), espere 24 horas y aplicar. Tambi\u00e9n es posible mezclar las bacterias liofilizadas con el medio de crecimiento para sus plantas. Una aplicaci\u00f3n semanal de Bacterial dar\u00e1 resultados \u00f3ptimos.<\/p>\n<p>Bacterial est\u00e1 disponible en envases de 50ml y 200 ml. Tambi\u00e9n est\u00e1 disponible <a href=\"https:\/\/www.nomercyshop.nl\/plant-nutrition\/no-mercy-supply-1111202508\/bacterial-en-gb\"target=\"_blank\"><font color=\"#0000ff\"><b> aqu\u00ed<\/b><\/font><\/A><\/p>\n<\/div><div class=\"text-center\"><img src=\"https:\/\/www.nomercy.nl\/site\/wp-content\/uploads\/2016\/08\/No-Mercy-Supply-web-PAG-2.jpg\" class=\"ui-image\" alt=\"\"\/><\/div><div class=\"cf\"><\/div>","protected":false},"excerpt":{"rendered":"<p>PreviousNextBacterialAcelera la aparici\u00f3n de un equilibrio natural en cualquier medio de cultivoCon Bacterial obtienes un cultivo liofilizado (deshidratado por congelaci\u00f3n) de microorganismos. Si se mezcla el contenido de Bacterial con agua, miles de millones de bacterias nitrificantes crecen en un plazo de 24 horas. A\u00fan siendo tan peque\u00f1as las bacterias nitrificantes son esenciales para la [&hellip;]<\/p>\n","protected":false},"author":1,"featured_media":0,"parent":902,"menu_order":2,"comment_status":"closed","ping_status":"closed","template":"","meta":[],"_links":{"self":[{"href":"https:\/\/www.nomercy.nl\/site\/wp-json\/wp\/v2\/pages\/832"}],"collection":[{"href":"https:\/\/www.nomercy.nl\/site\/wp-json\/wp\/v2\/pages"}],"about":[{"href":"https:\/\/www.nomercy.nl\/site\/wp-json\/wp\/v2\/types\/page"}],"author":[{"embeddable":true,"href":"https:\/\/www.nomercy.nl\/site\/wp-json\/wp\/v2\/users\/1"}],"replies":[{"embeddable":true,"href":"https:\/\/www.nomercy.nl\/site\/wp-json\/wp\/v2\/comments?post=832"}],"version-history":[{"count":2,"href":"https:\/\/www.nomercy.nl\/site\/wp-json\/wp\/v2\/pages\/832\/revisions"}],"predecessor-version":[{"id":835,"href":"https:\/\/www.nomercy.nl\/site\/wp-json\/wp\/v2\/pages\/832\/revisions\/835"}],"up":[{"embeddable":true,"href":"https:\/\/www.nomercy.nl\/site\/wp-json\/wp\/v2\/pages\/902"}],"wp:attachment":[{"href":"https:\/\/www.nomercy.nl\/site\/wp-json\/wp\/v2\/media?parent=832"}],"curies":[{"name":"wp","href":"https:\/\/api.w.org\/{rel}","templated":true}]}}