{"id":829,"date":"2013-09-22T16:20:15","date_gmt":"2013-09-22T14:20:15","guid":{"rendered":"http:\/\/www.nomercysupply.nl\/site\/?page_id=829"},"modified":"2024-04-01T16:18:22","modified_gmt":"2024-04-01T14:18:22","slug":"829-2","status":"publish","type":"page","link":"https:\/\/www.nomercy.nl\/site\/es\/productos\/829-2\/","title":{"rendered":"CO\u2082 Tabs"},"content":{"rendered":"\r\n\t\t\t<script type=\"text\/javascript\">\r\n\t\t\t\t\r\n\t\t\t\tjQuery(document).ready(function(){\r\n\r\n\t\t\t\t\t\tjQuery(\"#cycle-GArB > li:eq(0) > img\").imagesLoaded(function() {\r\n\t\t\t\t\t\t\tvar layer_slider_count = jQuery(\"#cycle-GArB > li\").length;\r\n\r\n\t\t\t\t\t\t\tif ( jQuery.browser.mozilla ) {\r\n\t\t\t\t\t\t\t\t\tjQuery(\"#cycle-GArB\").find(\"[data-transition]\").each(\r\n\t\t\t\t\t\t\t\t\tfunction () {\r\n\t\t\t\t\t\t\t            var ele = jQuery(this);\r\n\t\t\t\t\t\t\t            var trans = ele.attr(\"data-transition\");\r\n\t\t\t\t\t\t\t            ele.removeClass(\"animated\").removeClass(trans);\r\n\t\t\t\t\t\t\t\t    }\r\n\t\t\t\t\t\t\t\t);\r\n\r\n\t\t\t\t\t\t\t\tif ( layer_slider_count == 1 ) {\r\n\r\n\t\t\t\t\t\t\t\t\tjQuery(\"#cycle-GArB > li\").first().find(\"[data-transition]\").each(\r\n\t\t\t\t\t\t\t\t\t\tfunction () {\r\n\t\t\t\t\t\t\t\t\t\t\tvar ele = jQuery(this);\r\n\t\t\t\t\t\t\t\t\t\t\tvar trans = ele.attr(\"data-transition\");\r\n\t\t\t\t\t\t\t\t\t\t\tele.addClass(\"animated \" + trans);\r\n\t\t\t\t\t\t\t\t\t\t}\r\n\t\t\t\t\t\t\t\t\t );\r\n\r\n\t\t\t\t\t\t\t\t}\r\n\t\t\t                }\r\n\r\n\t\t\t\t\t\t\tvar cycle_slider = jQuery(\"#cycle-GArB\").cycle({\r\n\t\t\t\t\t\t\t\t\/\/timeout: 5000,\r\n\t\t\t\t\t\t\t\tspeed: 500,\r\n\t\t\t\t\t\t\t\tfx: \"fade\",\r\n\t\t\t\t\t\t\t\tslideResize: true,\r\n\t\t\t\t\t\t\t    containerResize: false,\r\n\t\t\t\t\t\t\t    width: \"100%\",\r\n\t\t\t\t\t\t\t\theight: 376,\r\n\t\t\t\t\t\t\t    fit: 1,\r\n\t\t\t\t\t\t\t\tpager:  \"#cycle-GArB_pager\",\r\n\t\t\t\t\t\t\t\tpagerAnchorBuilder: function(idx, slide) { \r\n\t\t\t\t\t\t\t\t\treturn \"#cycle-GArB_pager li:eq(\" + idx + \") a\";\r\n\t\t\t\t\t\t\t\t},\r\n\t\t\t\t\t\t\t\tprev:    \"#cycle-GArB_navigation .prev\",\r\n\t\t\t\t\t\t\t\tnext:    \"#cycle-GArB_navigation .next\",\r\n\t\t\t\t\t\t\t\tpause:  true,\r\n\t\t\t\t\t\t\t\tpaused: function(cont, opts, byHover) {\r\n\t\t\t\t\t\t\t\t\tcycle_slider_state.find(\"a\").addClass(\"paused\").removeClass(\"resumed\");\r\n\t\t\t\t\t\t\t\t},\r\n\t\t\t\t\t\t\t\tresumed: function(cont, opts, byHover) {\r\n\t\t\t\t\t\t\t\t\tcycle_slider_state.find(\"a\").addClass(\"resumed\").removeClass(\"paused\");\r\n\t\t\t\t\t\t\t\t},\r\n\r\n\t\t\t\t\t\t\t\ttimeoutFn: function(currSlideElement, nextSlideElement, options, forwardFlag){\r\n\t\t\t\t\t\t\t\t\tvar elements = jQuery(currSlideElement).parent(),\r\n\t\t\t\t\t\t\t\t\t\tcurrent  = elements.children(\".current\");\r\n\r\n\t\t\t\t\t\t\t\t\tvar spec_timeout = parseFloat(current.attr(\"data-timeout\"));\r\n\r\n\t\t\t\t\t\t\t\t\tif ( spec_timeout > 0 ) {\r\n\t\t\t\t\t\t\t\t\t\treturn spec_timeout;\r\n\t\t\t\t\t\t\t\t\t}\r\n\r\n\t\t\t\t\t\t\t\t\treturn 5000;\r\n\t\t\t\t\t\t\t\t},\r\n\r\n\r\n\t\t\t\t\t\t\t\tbefore:function (currSlideElement, nextSlideElement, options, forwardFlag) {\r\n\t\t\t\t\t\t\t\t\tjQuery(currSlideElement).removeClass(\"current\");\r\n\t\t\t\t\t\t\t\t\tjQuery(nextSlideElement).addClass(\"current\");\r\n\r\n\t\t\t\t\t\t\t\t\tif ( jQuery.browser.mozilla ) {\r\n\r\n\t\t\t\t\t\t\t\t\t\tjQuery(nextSlideElement).find(\"[data-transition]\").each(\r\n\t\t\t\t\t\t\t\t\t\t\tfunction () {\r\n\t\t\t\t\t\t\t\t\t\t\t\tvar ele = jQuery(this);\r\n\t\t\t\t\t\t\t\t\t\t\t\tvar trans = ele.attr(\"data-transition\");\r\n\t\t\t\t\t\t\t\t\t\t\t\tele.removeClass(\"animated\").removeClass(trans).css(\"visibility\", \"hidden\");\r\n\t\t\t\t\t\t\t\t\t\t\t}\r\n\t\t\t\t\t\t\t\t\t\t);\r\n\r\n\t\t\t\t\t\t\t\t\t\tif (currSlideElement != nextSlideElement) {\r\n\t\t\t\t\t\t\t\t\t\t\tjQuery(currSlideElement).find(\"[data-transition]\").each(\r\n\t\t\t\t\t\t\t\t\t\t\t\tfunction () {\r\n\t\t\t\t\t\t\t\t\t\t\t\t\tvar ele = jQuery(this);\r\n\t\t\t\t\t\t\t\t\t\t\t\t\tvar trans = ele.attr(\"data-transition\");\r\n\t\t\t\t\t\t\t\t\t\t\t\t\tele.removeClass(\"animated\").removeClass(trans);\r\n\t\t\t\t\t\t\t\t\t\t\t\t}\r\n\t\t\t\t\t\t\t\t\t\t\t);\r\n\t\t\t\t\t\t\t\t\t\t}\r\n\t\t\t\t\t\t\t\t\t}\r\n\r\n\t\t\t\t\t\t\t\t},\r\n\r\n\t\t\t\t\t\t\t\tafter:function (currSlideElement, nextSlideElement, options, forwardFlag) {\r\n\t\t\t\t\t\t\t\t\tjQuery(currSlideElement).removeClass(\"current\");\r\n\t\t\t\t\t\t\t\t\tjQuery(nextSlideElement).addClass(\"current\");\r\n\t\t\t\t\t\t\t\t\tif ( jQuery.browser.mozilla ) {\r\n\r\n\t\t\t\t\t\t\t\t\t\t\/** Add Classes *\/\r\n\t\t\t\t\t\t\t\t\t\tjQuery(nextSlideElement).find(\"[data-transition]\").each(\r\n\t\t\t\t\t\t\t\t\t\t\tfunction () {\r\n\t\t\t\t\t\t\t\t\t\t\t\tvar ele = jQuery(this);\r\n\t\t\t\t\t\t\t\t\t\t\t\tvar trans = ele.attr(\"data-transition\");\r\n\t\t\t\t\t\t\t\t\t\t\t\tele.css(\"visibility\", \"visible\").addClass(\"animated \" + trans);\r\n\t\t\t\t\t\t\t\t\t\t\t}\r\n\t\t\t\t\t\t\t\t\t\t);\r\n\r\n\t\t\t\t\t\t\t\t\t}\r\n\t\t\t\t\t\t\t\t}\r\n\t\t\t\t\t\t\t});\r\n\t\t\t\t\t\t\t\r\n\t\t\t\t\t\t\t\/*\r\n\t\t\t\t\t\t\t\tjQuery(\"#cycle-GArB\").hover(function(){\r\n\t\t\t\t\t\t\t\t\tcycle_slider.cycle(\"pause\", true);\r\n\t\t\t\t\t\t\t\t},function(){\r\n\t\t\t\t\t\t\t\t\tcycle_slider.cycle(\"resume\", true);\r\n\t\t\t\t\t\t\t\t});\r\n\r\n\t\t\t\t\t\t\t*\/\r\n\r\n\t\t\t\t\t\t\t\t\r\n\r\n\t\t\t\t\t\t\tjQuery(\"#cycle-GArB_placeholder\").hide();\r\n\r\n\t\t\t\t\t\t\tjQuery(\"#cycle-GArB_placeholder\").hide();\r\n\t\t\t\t\t\t\tcycle_slider.show();\r\n\t\t\t\t\t\t\tjQuery(\"#cycle-GArB_pager, #cycle-GArB_navigation, #cycle-GArB_state\").delay(1000).fadeIn();\r\n\t\t\t\t\t\t\tcfw_refreshScrollbar();\r\n\r\n\t\t\t\t\t\t\tvar cycle_slider_state = jQuery(\"#cycle-GArB_state\").click(function() {\r\n\t\t\t\t\t\t\t\tvar paused = cycle_slider.is(\":paused\");\r\n\t\t\t\t\t\t\t\tcycle_slider.cycle(paused ? \"resume\" : \"pause\", true);\r\n\t\t\t\t\t\t\t});\r\n\r\n\t\t\t\t\t\t\t\/** Swipe *\/\r\n\t\t\t\t\t\t\tif( jQuery.isFunction(jQuery.fn.swipe) ) {\r\n\r\n\t\t\t\t\t\t\t\tjQuery(\"#cycle-GArB\").swipe({\r\n\t\t\t\t\t\t\t\t\tallowPageScroll: \"vertical\",\r\n\t\t\t\t\t\t\t\t\tswipe:function(event, direction, distance, duration, fingerCount) {\r\n\t\t\t\t\t\t\t\t\t\tif ( direction == \"left\" )\r\n\t\t\t\t\t\t\t\t\t\t\tjQuery(\"#cycle-GArB_navigation .prev\").click();\r\n\t\t\t\t\t\t\t\t\t\telse\r\n\t\t\t\t\t\t\t\t\t\t\tjQuery(\"#cycle-GArB_navigation .next\").click();\r\n\r\n\t\t\t\t\t\t\t\t\t}\r\n\t\t\t\t\t\t\t\t});\r\n\t\t\t\t\t\t\t}\r\n\t\t\r\n\t\t\t\t\t\t\t\/** Set Height *\/\r\n\t\t\t\t\t\t\tvar device_callback = function( event, device ){\r\n\r\n\t\t\t\t\t\t\t\tif ( device == \"tablet\" )\r\n\t\t\t\t\t\t\t\t\tvar spec_height = 376; \r\n\t\t\t\t\t\t\t\telse if ( device == \"mobile\" )\r\n\t\t\t\t\t\t\t\t\tvar spec_height = 376;\r\n\t\t\t\t\t\t\t\telse if ( device == \"mobile-portrait\" ) {\r\n\t\t\t\t\t\t\t\t\tvar spec_height = 376;\r\n\t\t\t\t\t\t\t\t}\r\n\t\t\t\t\t\t\t\telse\r\n\t\t\t\t\t\t\t\t\tvar spec_height = 376;\r\n\r\n\t\t\t\t\t\t\t\tjQuery(\"#cycle-GArB\").css(\"height\", spec_height);\r\n\t\t\t\t\t\t\t\tjQuery(\"#cycle-GArB > li\").css(\"height\", spec_height);\r\n\t\t\t\t\t\t\t\tjQuery(\"#cycle-GArB_placeholder\").css(\"height\", spec_height);\r\n\r\n\r\n\t\t\t\t\t\t\t}\r\n\r\n\t\t\t\t\t\t\tdevice_callback( [], CloudFwOp.device );\r\n\t\t\t\t\t\t\tjQuery(window).bind(\"CloudFwDetectDevice\", device_callback );\r\n\r\n\t\t\t\t\t\t});\r\n\t\t\t\t\t\t\t\r\n\r\n\t\t\t\t});\t\t\t\t\t\t\t\t\r\n\r\n\r\n\t\t\t<\/script>\r\n\t\t\t\r\n\t\t\t\r\n\t\t\t<div class=\"cycle-wrap fill\">\r\n\t\t\t\t<div id=\"cycle-GArB_placeholder\" class=\"cycle-placeholder\" style=\"height: 376px; \"><\/div>\r\n\r\n\t\t\t\t<ul id=\"cycle-GArB\" class=\"cycle global-radius nobr-bottom overflow-hidden nobr-bottom-handler left pagination-off\" style=\"display:none; width: 100%;height: 376px; \"><li class=\"global-radius nobr-bottom\" style=\"position:relative; overflow:hidden;height: 376px; \" data-timeout=\"0\"><div class=\"slider-layer  animated fadeInRight hover-moveRight\" data-transition=\"fadeInRight\"  style=\"width: 320px; top: 47px; left: 203px; z-index: 50; animation-delay: 1s;-moz-animation-delay: 1s;-webkit-animation-delay: 1s;-ms-animation-delay: 1s;-o-animation-delay: 1s; \"><img src=\"https:\/\/www.nomercy.nl\/site\/wp-content\/uploads\/2024\/04\/Box-tab60-met-tabs.png\" class=\"slider-layer-img\" alt=\"\"\/><\/div><div class=\"slider-layer  animated fadeInRight hover-moveRight\" data-transition=\"fadeInRight\"  style=\"width: 390px; top: 68px; left: 536px; z-index: 40; animation-delay: 1s;-moz-animation-delay: 1s;-webkit-animation-delay: 1s;-ms-animation-delay: 1s;-o-animation-delay: 1s; \"><img src=\"https:\/\/www.nomercy.nl\/site\/wp-content\/uploads\/2024\/04\/Co2tabs-150-met-tabs.png\" class=\"slider-layer-img\" alt=\"\"\/><\/div><div class=\"slider-layer  animated fadeInLeft\" data-transition=\"fadeInLeft\"  style=\"top: 72px; left: 30px; z-index: 30; animation-delay: 1s;-moz-animation-delay: 1s;-webkit-animation-delay: 1s;-ms-animation-delay: 1s;-o-animation-delay: 1s; \"><img src=\"http:\/\/www.nomercy.nl\/site\/wp-content\/uploads\/2014\/05\/No-Mercy-Suppy_CO2-Tabs.png\" class=\"slider-layer-img\" alt=\"\"\/><\/div><div class=\"slider-layer  animated fadeIn\" data-transition=\"fadeIn\"  style=\"top: 50px; left: -17px; z-index: 20; \"><img src=\"http:\/\/www.nomercy.nl\/site\/wp-content\/uploads\/2014\/05\/No-Mercy-Suppy_Balk-Wit-1.png\" class=\"slider-layer-img\" alt=\"\"\/><\/div><div class=\"slider-layer  animated fadeIn\" data-transition=\"fadeIn\"  style=\"top: 126px; left: -17px; z-index: 10; \"><img src=\"http:\/\/www.nomercy.nl\/site\/wp-content\/uploads\/2014\/05\/No-Mercy-Suppy_BG-CO2-Tabs.png\" class=\"slider-layer-img\" alt=\"\"\/><\/div><\/li><\/ul><div style=\"display:none;\"><div id=\"cycle-GArB_navigation\" style=\"display:none;\" class=\"cycle-navigation\"><a href=\"javascript:;\" class=\"prev sprite\">Previous<\/a><a href=\"javascript:;\" class=\"next sprite\">Next<\/a><\/div><\/div><\/div><!-- \/.cycle-wrap --><div class=\"down\"><\/div><h1>CO2-Tabs<\/h1><h4>Para que tus plantas broten sanas y m\u00e1s r\u00e1pidamente<\/h4><p class=\"d2\" style=\"border-bottom-color: #335d23 !important; \"><\/p><div class=\"cf clear\"><\/div><div class=\"auto-format\"><p>Con este paquete de CO2-Tabs poseer\u00e1s un producto nuevo, revolucionario y poderoso dirigido a las plantas en cualquier medio de cultivo. Es as\u00ed de simple &#8211; y barato! &#8211; Los comprimidos se desarrollaron especialmente para reemplazar los sistemas de fertilizantes de CO2 complicados y costosos utilizados hasta hoy.<\/p>\n<p>El estancamiento del crecimiento de las plantas es a menudo causado por la escasez de di\u00f3xido de carbono, en espacios mal aireados esta escasez puede ser dram\u00e1tica. Con CO2-Tabs puedes ofrecer el di\u00f3xido de carbono directamente a las ra\u00edces de las plantas y aumentar significativamente la velocidad de crecimiento.<\/p>\n<p>S\u00f3lo las plantas sanas ser\u00e1n capaces de utilizar eficazmente este aporte adicional. Durante extensas pruebas que percibimos como efecto secundario que puede afectar a una posible escasez de magnesio debido a la alta velocidad de crecimiento. Las tabletas liberan el CO2 en el agua y por lo tanto estimulan el crecimiento. Las plantas sanas pueden absorber mucho mejor este importante nutriente CO2 como se dispone en el aire.<\/p>\n<p>Atenci\u00f3n: Adici\u00f3n de CO2 antes del periodo de oscuridad no da ning\u00fan resultado! Durante el periodo de oscuridad la planta no absorbe el CO2. El mejor momento para aprovechar los efecto de las pastillas de CO2 es entre 4 y 6 horas despu\u00e9s del riego.<\/p>\n<p>Uso: Cuando tus plantas (o esquejes) est\u00e9n sanos puede utilizar 1 comprimido por cada 100 litros de agua. En los sistemas hidr\u00e1ulicos se puede tambi\u00e9n a\u00f1adir una pastilla al barril. La sobredosis no es ni perjudicial ni \u00fatil. Para suministrar la pastilla de CO2, primero hay que disolverla en una taza de agua (se puede machacar con el dedo en el agua) y se mezcla con el agua que se destina para regar las plantas. Aplicar dos veces por semana para obtener resultados \u00f3ptimos y, preferentemente, durante todo el ciclo de crecimiento de las plantas.<\/p>\n<p>CO2-Tabs est\u00e1 disponible en cajas de  60 y 150 comprimidos. Tambi\u00e9n est\u00e1 disponible <a href=\"https:\/\/www.nomercyshop.nl\/plant-nutrition\/no-mercy-supply-1111202508\/co2-tabs\"target=\"_blank\"><font color=\"#0000ff\"><b> aqu\u00ed<\/b><\/font><\/A><\/p>\n<\/div><p class=\"d2\" style=\"border-bottom-color: #335d23 !important; \"><\/p><div class=\"cf clear\"><\/div><div class=\"fluid-video-wrapper\"><iframe title=\"No Mercy Supply Co2 tabs\" width=\"400\" height=\"225\" src=\"https:\/\/www.youtube.com\/embed\/c9NMsRH-dEE?feature=oembed\" frameborder=\"0\" allow=\"accelerometer; autoplay; clipboard-write; encrypted-media; gyroscope; picture-in-picture; web-share\" referrerpolicy=\"strict-origin-when-cross-origin\" allowfullscreen><\/iframe><\/div><div class=\"cf\"><\/div>","protected":false},"excerpt":{"rendered":"<p>PreviousNextCO2-TabsPara que tus plantas broten sanas y m\u00e1s r\u00e1pidamenteCon este paquete de CO2-Tabs poseer\u00e1s un producto nuevo, revolucionario y poderoso dirigido a las plantas en cualquier medio de cultivo. Es as\u00ed de simple &#8211; y barato! &#8211; Los comprimidos se desarrollaron especialmente para reemplazar los sistemas de fertilizantes de CO2 complicados y costosos utilizados hasta [&hellip;]<\/p>\n","protected":false},"author":1,"featured_media":0,"parent":902,"menu_order":1,"comment_status":"closed","ping_status":"closed","template":"","meta":[],"_links":{"self":[{"href":"https:\/\/www.nomercy.nl\/site\/wp-json\/wp\/v2\/pages\/829"}],"collection":[{"href":"https:\/\/www.nomercy.nl\/site\/wp-json\/wp\/v2\/pages"}],"about":[{"href":"https:\/\/www.nomercy.nl\/site\/wp-json\/wp\/v2\/types\/page"}],"author":[{"embeddable":true,"href":"https:\/\/www.nomercy.nl\/site\/wp-json\/wp\/v2\/users\/1"}],"replies":[{"embeddable":true,"href":"https:\/\/www.nomercy.nl\/site\/wp-json\/wp\/v2\/comments?post=829"}],"version-history":[{"count":2,"href":"https:\/\/www.nomercy.nl\/site\/wp-json\/wp\/v2\/pages\/829\/revisions"}],"predecessor-version":[{"id":834,"href":"https:\/\/www.nomercy.nl\/site\/wp-json\/wp\/v2\/pages\/829\/revisions\/834"}],"up":[{"embeddable":true,"href":"https:\/\/www.nomercy.nl\/site\/wp-json\/wp\/v2\/pages\/902"}],"wp:attachment":[{"href":"https:\/\/www.nomercy.nl\/site\/wp-json\/wp\/v2\/media?parent=829"}],"curies":[{"name":"wp","href":"https:\/\/api.w.org\/{rel}","templated":true}]}}