{"id":166,"date":"2013-08-18T11:40:10","date_gmt":"2013-08-18T09:40:10","guid":{"rendered":"http:\/\/www.nomercysupply.nl\/site\/?page_id=166"},"modified":"2017-06-22T14:22:51","modified_gmt":"2017-06-22T12:22:51","slug":"bacterial-2","status":"publish","type":"page","link":"https:\/\/www.nomercy.nl\/site\/de\/produkte\/bacterial-2\/","title":{"rendered":"Bacterial"},"content":{"rendered":"\r\n\t\t\t<script type=\"text\/javascript\">\r\n\t\t\t\t\r\n\t\t\t\tjQuery(document).ready(function(){\r\n\r\n\t\t\t\t\t\tjQuery(\"#cycle-eo5G > li:eq(0) > img\").imagesLoaded(function() {\r\n\t\t\t\t\t\t\tvar layer_slider_count = jQuery(\"#cycle-eo5G > li\").length;\r\n\r\n\t\t\t\t\t\t\tif ( jQuery.browser.mozilla ) {\r\n\t\t\t\t\t\t\t\t\tjQuery(\"#cycle-eo5G\").find(\"[data-transition]\").each(\r\n\t\t\t\t\t\t\t\t\tfunction () {\r\n\t\t\t\t\t\t\t            var ele = jQuery(this);\r\n\t\t\t\t\t\t\t            var trans = ele.attr(\"data-transition\");\r\n\t\t\t\t\t\t\t            ele.removeClass(\"animated\").removeClass(trans);\r\n\t\t\t\t\t\t\t\t    }\r\n\t\t\t\t\t\t\t\t);\r\n\r\n\t\t\t\t\t\t\t\tif ( layer_slider_count == 1 ) {\r\n\r\n\t\t\t\t\t\t\t\t\tjQuery(\"#cycle-eo5G > li\").first().find(\"[data-transition]\").each(\r\n\t\t\t\t\t\t\t\t\t\tfunction () {\r\n\t\t\t\t\t\t\t\t\t\t\tvar ele = jQuery(this);\r\n\t\t\t\t\t\t\t\t\t\t\tvar trans = ele.attr(\"data-transition\");\r\n\t\t\t\t\t\t\t\t\t\t\tele.addClass(\"animated \" + trans);\r\n\t\t\t\t\t\t\t\t\t\t}\r\n\t\t\t\t\t\t\t\t\t );\r\n\r\n\t\t\t\t\t\t\t\t}\r\n\t\t\t                }\r\n\r\n\t\t\t\t\t\t\tvar cycle_slider = jQuery(\"#cycle-eo5G\").cycle({\r\n\t\t\t\t\t\t\t\t\/\/timeout: 5000,\r\n\t\t\t\t\t\t\t\tspeed: 500,\r\n\t\t\t\t\t\t\t\tfx: \"fade\",\r\n\t\t\t\t\t\t\t\tslideResize: true,\r\n\t\t\t\t\t\t\t    containerResize: false,\r\n\t\t\t\t\t\t\t    width: \"100%\",\r\n\t\t\t\t\t\t\t\theight: 376,\r\n\t\t\t\t\t\t\t    fit: 1,\r\n\t\t\t\t\t\t\t\tpager:  \"#cycle-eo5G_pager\",\r\n\t\t\t\t\t\t\t\tpagerAnchorBuilder: function(idx, slide) { \r\n\t\t\t\t\t\t\t\t\treturn \"#cycle-eo5G_pager li:eq(\" + idx + \") a\";\r\n\t\t\t\t\t\t\t\t},\r\n\t\t\t\t\t\t\t\tprev:    \"#cycle-eo5G_navigation .prev\",\r\n\t\t\t\t\t\t\t\tnext:    \"#cycle-eo5G_navigation .next\",\r\n\t\t\t\t\t\t\t\tpause:  true,\r\n\t\t\t\t\t\t\t\tpaused: function(cont, opts, byHover) {\r\n\t\t\t\t\t\t\t\t\tcycle_slider_state.find(\"a\").addClass(\"paused\").removeClass(\"resumed\");\r\n\t\t\t\t\t\t\t\t},\r\n\t\t\t\t\t\t\t\tresumed: function(cont, opts, byHover) {\r\n\t\t\t\t\t\t\t\t\tcycle_slider_state.find(\"a\").addClass(\"resumed\").removeClass(\"paused\");\r\n\t\t\t\t\t\t\t\t},\r\n\r\n\t\t\t\t\t\t\t\ttimeoutFn: function(currSlideElement, nextSlideElement, options, forwardFlag){\r\n\t\t\t\t\t\t\t\t\tvar elements = jQuery(currSlideElement).parent(),\r\n\t\t\t\t\t\t\t\t\t\tcurrent  = elements.children(\".current\");\r\n\r\n\t\t\t\t\t\t\t\t\tvar spec_timeout = parseFloat(current.attr(\"data-timeout\"));\r\n\r\n\t\t\t\t\t\t\t\t\tif ( spec_timeout > 0 ) {\r\n\t\t\t\t\t\t\t\t\t\treturn spec_timeout;\r\n\t\t\t\t\t\t\t\t\t}\r\n\r\n\t\t\t\t\t\t\t\t\treturn 5000;\r\n\t\t\t\t\t\t\t\t},\r\n\r\n\r\n\t\t\t\t\t\t\t\tbefore:function (currSlideElement, nextSlideElement, options, forwardFlag) {\r\n\t\t\t\t\t\t\t\t\tjQuery(currSlideElement).removeClass(\"current\");\r\n\t\t\t\t\t\t\t\t\tjQuery(nextSlideElement).addClass(\"current\");\r\n\r\n\t\t\t\t\t\t\t\t\tif ( jQuery.browser.mozilla ) {\r\n\r\n\t\t\t\t\t\t\t\t\t\tjQuery(nextSlideElement).find(\"[data-transition]\").each(\r\n\t\t\t\t\t\t\t\t\t\t\tfunction () {\r\n\t\t\t\t\t\t\t\t\t\t\t\tvar ele = jQuery(this);\r\n\t\t\t\t\t\t\t\t\t\t\t\tvar trans = ele.attr(\"data-transition\");\r\n\t\t\t\t\t\t\t\t\t\t\t\tele.removeClass(\"animated\").removeClass(trans).css(\"visibility\", \"hidden\");\r\n\t\t\t\t\t\t\t\t\t\t\t}\r\n\t\t\t\t\t\t\t\t\t\t);\r\n\r\n\t\t\t\t\t\t\t\t\t\tif (currSlideElement != nextSlideElement) {\r\n\t\t\t\t\t\t\t\t\t\t\tjQuery(currSlideElement).find(\"[data-transition]\").each(\r\n\t\t\t\t\t\t\t\t\t\t\t\tfunction () {\r\n\t\t\t\t\t\t\t\t\t\t\t\t\tvar ele = jQuery(this);\r\n\t\t\t\t\t\t\t\t\t\t\t\t\tvar trans = ele.attr(\"data-transition\");\r\n\t\t\t\t\t\t\t\t\t\t\t\t\tele.removeClass(\"animated\").removeClass(trans);\r\n\t\t\t\t\t\t\t\t\t\t\t\t}\r\n\t\t\t\t\t\t\t\t\t\t\t);\r\n\t\t\t\t\t\t\t\t\t\t}\r\n\t\t\t\t\t\t\t\t\t}\r\n\r\n\t\t\t\t\t\t\t\t},\r\n\r\n\t\t\t\t\t\t\t\tafter:function (currSlideElement, nextSlideElement, options, forwardFlag) {\r\n\t\t\t\t\t\t\t\t\tjQuery(currSlideElement).removeClass(\"current\");\r\n\t\t\t\t\t\t\t\t\tjQuery(nextSlideElement).addClass(\"current\");\r\n\t\t\t\t\t\t\t\t\tif ( jQuery.browser.mozilla ) {\r\n\r\n\t\t\t\t\t\t\t\t\t\t\/** Add Classes *\/\r\n\t\t\t\t\t\t\t\t\t\tjQuery(nextSlideElement).find(\"[data-transition]\").each(\r\n\t\t\t\t\t\t\t\t\t\t\tfunction () {\r\n\t\t\t\t\t\t\t\t\t\t\t\tvar ele = jQuery(this);\r\n\t\t\t\t\t\t\t\t\t\t\t\tvar trans = ele.attr(\"data-transition\");\r\n\t\t\t\t\t\t\t\t\t\t\t\tele.css(\"visibility\", \"visible\").addClass(\"animated \" + trans);\r\n\t\t\t\t\t\t\t\t\t\t\t}\r\n\t\t\t\t\t\t\t\t\t\t);\r\n\r\n\t\t\t\t\t\t\t\t\t}\r\n\t\t\t\t\t\t\t\t}\r\n\t\t\t\t\t\t\t});\r\n\t\t\t\t\t\t\t\r\n\t\t\t\t\t\t\t\/*\r\n\t\t\t\t\t\t\t\tjQuery(\"#cycle-eo5G\").hover(function(){\r\n\t\t\t\t\t\t\t\t\tcycle_slider.cycle(\"pause\", true);\r\n\t\t\t\t\t\t\t\t},function(){\r\n\t\t\t\t\t\t\t\t\tcycle_slider.cycle(\"resume\", true);\r\n\t\t\t\t\t\t\t\t});\r\n\r\n\t\t\t\t\t\t\t*\/\r\n\r\n\t\t\t\t\t\t\t\t\r\n\r\n\t\t\t\t\t\t\tjQuery(\"#cycle-eo5G_placeholder\").hide();\r\n\r\n\t\t\t\t\t\t\tjQuery(\"#cycle-eo5G_placeholder\").hide();\r\n\t\t\t\t\t\t\tcycle_slider.show();\r\n\t\t\t\t\t\t\tjQuery(\"#cycle-eo5G_pager, #cycle-eo5G_navigation, #cycle-eo5G_state\").delay(1000).fadeIn();\r\n\t\t\t\t\t\t\tcfw_refreshScrollbar();\r\n\r\n\t\t\t\t\t\t\tvar cycle_slider_state = jQuery(\"#cycle-eo5G_state\").click(function() {\r\n\t\t\t\t\t\t\t\tvar paused = cycle_slider.is(\":paused\");\r\n\t\t\t\t\t\t\t\tcycle_slider.cycle(paused ? \"resume\" : \"pause\", true);\r\n\t\t\t\t\t\t\t});\r\n\r\n\t\t\t\t\t\t\t\/** Swipe *\/\r\n\t\t\t\t\t\t\tif( jQuery.isFunction(jQuery.fn.swipe) ) {\r\n\r\n\t\t\t\t\t\t\t\tjQuery(\"#cycle-eo5G\").swipe({\r\n\t\t\t\t\t\t\t\t\tallowPageScroll: \"vertical\",\r\n\t\t\t\t\t\t\t\t\tswipe:function(event, direction, distance, duration, fingerCount) {\r\n\t\t\t\t\t\t\t\t\t\tif ( direction == \"left\" )\r\n\t\t\t\t\t\t\t\t\t\t\tjQuery(\"#cycle-eo5G_navigation .prev\").click();\r\n\t\t\t\t\t\t\t\t\t\telse\r\n\t\t\t\t\t\t\t\t\t\t\tjQuery(\"#cycle-eo5G_navigation .next\").click();\r\n\r\n\t\t\t\t\t\t\t\t\t}\r\n\t\t\t\t\t\t\t\t});\r\n\t\t\t\t\t\t\t}\r\n\t\t\r\n\t\t\t\t\t\t\t\/** Set Height *\/\r\n\t\t\t\t\t\t\tvar device_callback = function( event, device ){\r\n\r\n\t\t\t\t\t\t\t\tif ( device == \"tablet\" )\r\n\t\t\t\t\t\t\t\t\tvar spec_height = 376; \r\n\t\t\t\t\t\t\t\telse if ( device == \"mobile\" )\r\n\t\t\t\t\t\t\t\t\tvar spec_height = 376;\r\n\t\t\t\t\t\t\t\telse if ( device == \"mobile-portrait\" ) {\r\n\t\t\t\t\t\t\t\t\tvar spec_height = 376;\r\n\t\t\t\t\t\t\t\t}\r\n\t\t\t\t\t\t\t\telse\r\n\t\t\t\t\t\t\t\t\tvar spec_height = 376;\r\n\r\n\t\t\t\t\t\t\t\tjQuery(\"#cycle-eo5G\").css(\"height\", spec_height);\r\n\t\t\t\t\t\t\t\tjQuery(\"#cycle-eo5G > li\").css(\"height\", spec_height);\r\n\t\t\t\t\t\t\t\tjQuery(\"#cycle-eo5G_placeholder\").css(\"height\", spec_height);\r\n\r\n\r\n\t\t\t\t\t\t\t}\r\n\r\n\t\t\t\t\t\t\tdevice_callback( [], CloudFwOp.device );\r\n\t\t\t\t\t\t\tjQuery(window).bind(\"CloudFwDetectDevice\", device_callback );\r\n\r\n\t\t\t\t\t\t});\r\n\t\t\t\t\t\t\t\r\n\r\n\t\t\t\t});\t\t\t\t\t\t\t\t\r\n\r\n\r\n\t\t\t<\/script>\r\n\t\t\t\r\n\t\t\t\r\n\t\t\t<div class=\"cycle-wrap fill\">\r\n\t\t\t\t<div id=\"cycle-eo5G_placeholder\" class=\"cycle-placeholder\" style=\"height: 376px; \"><\/div>\r\n\r\n\t\t\t\t<ul id=\"cycle-eo5G\" class=\"cycle global-radius nobr-bottom overflow-hidden nobr-bottom-handler left pagination-off\" style=\"display:none; width: 100%;height: 376px; \"><li class=\"global-radius nobr-bottom\" style=\"position:relative; overflow:hidden;height: 376px; \" data-timeout=\"0\"><div class=\"slider-layer  animated fadeInRight hover-moveRight\" data-transition=\"fadeInRight\"  style=\"top: 94px; left: 292px; z-index: 50; animation-delay: 1s;-moz-animation-delay: 1s;-webkit-animation-delay: 1s;-ms-animation-delay: 1s;-o-animation-delay: 1s; \"><img src=\"http:\/\/www.nomercy.nl\/site\/wp-content\/uploads\/2014\/05\/No-Mercy-Suppy_Bacterial-50ML.png\" class=\"slider-layer-img\" alt=\"\"\/><\/div><div class=\"slider-layer  animated fadeInRight hover-moveRight\" data-transition=\"fadeInRight\"  style=\"top: 64px; left: 557px; z-index: 40; animation-delay: 1s;-moz-animation-delay: 1s;-webkit-animation-delay: 1s;-ms-animation-delay: 1s;-o-animation-delay: 1s; \"><img src=\"http:\/\/www.nomercy.nl\/site\/wp-content\/uploads\/2014\/05\/No-Mercy-Suppy_Bacterial-200ML.png\" class=\"slider-layer-img\" alt=\"\"\/><\/div><div class=\"slider-layer  animated fadeInLeft\" data-transition=\"fadeInLeft\"  style=\"top: 72px; left: 30px; z-index: 30; animation-delay: 1s;-moz-animation-delay: 1s;-webkit-animation-delay: 1s;-ms-animation-delay: 1s;-o-animation-delay: 1s; \"><img src=\"http:\/\/www.nomercy.nl\/site\/wp-content\/uploads\/2014\/05\/No-Mercy-Suppy_Bacterial.png\" class=\"slider-layer-img\" alt=\"\"\/><\/div><div class=\"slider-layer  animated fadeIn\" data-transition=\"fadeIn\"  style=\"top: 49px; left: 0px; z-index: 20; \"><img src=\"http:\/\/www.nomercy.nl\/site\/wp-content\/uploads\/2014\/05\/No-Mercy-Suppy_Balk-Wit-1.png\" class=\"slider-layer-img\" alt=\"\"\/><\/div><div class=\"slider-layer  animated fadeIn\" data-transition=\"fadeIn\"  style=\"top: 125px; left: 0px; z-index: 10; \"><img src=\"http:\/\/www.nomercy.nl\/site\/wp-content\/uploads\/2014\/05\/No-Mercy-Suppy_BG-Bacterial.png\" class=\"slider-layer-img\" alt=\"\"\/><\/div><\/li><\/ul><div style=\"display:none;\"><div id=\"cycle-eo5G_navigation\" style=\"display:none;\" class=\"cycle-navigation\"><a href=\"javascript:;\" class=\"prev sprite\">Previous<\/a><a href=\"javascript:;\" class=\"next sprite\">Next<\/a><\/div><\/div><\/div><!-- \/.cycle-wrap --><div class=\"down\"><\/div><h1>Bacterial<\/h1><h4>F\u00fcr biotopische Ausgewogenheit in jedem Wurzelmedium<\/h4><p class=\"d2\" style=\"border-bottom-color: #335d23 !important; \"><\/p><div class=\"cf clear\"><\/div><div class=\"auto-format\"><p>Diese  Packung enth\u00e4lt Kulturen von Mikro-Organismen in gefriergetrocknetem Zustand. In Verbindung mit Wasser entstehen innerhalb von 24 Stdn. Milliarden nitrifizierender Bakterien. Obwohl sie sehr klein und nichtig scheinen, sind diese Bakterien f\u00fcr das Leben auf der Erde unentbehrlich. Auch Pflanzen sind abh\u00e4ngig von ihnen. Nitrifizierende Bakterien spielen eine Hauptrolle beim Abbau (Demineralisierung) organischer Bestandteile. Neben Enzymen und Schimmeln sorgen diese Bakterien daf\u00fcr, da\u00df organischer Abfall in f\u00fcr die Pflanzen verwertbare N\u00e4hrstoffe umgewandelt werden.<br \/>\nUm in Ihrem Wurzelmedium schnellstm\u00f6glich ein ausgewogenes Biotop zu schaffen, haben Sie hier ein biologisches, gut und schnell wirksames Mittel in der Hand. Schlie\u00dflich verdienen die Pflanzen einen guten Start im richtigen Biotop, um sich gut entwickeln zu k\u00f6nnen. Und daf\u00fcr gibt es Bacterial!<br \/>\nWeniger Sp\u00fclen, weil weniger Abfallstoffe (Gift) im Wurzelmedium h\u00e4ngen bleibt, ist ein wichtiger Nebeneffekt von Bacterial. Nitrifizierende Bakterien sind echte \u201cM\u00fcllschlucker\u201d!<\/p>\n<p><strong>F\u00fcr Hydro-Systeme:<\/strong><br \/>\n Etwa 24 Stdn. vor Gebrauch 1 -2 Teel\u00f6ffel in einen Eimer Wasser geben (pH-wert 5,8 bis 7) und diesen bei Zimmertemperatur stehen lassen. \u00dcberdosierung ist kein Problem. Nach 20 bis 24 Stdn. werden sich Milliarden von Bakterien gebildet haben. Den Inhalt des Eimers mit dem des Gie\u00dfwasser-Beh\u00e4lters mischen. Das Gie\u00dfen kann weiterhin zum \u00fcblichen Zeitpunkt stattfinden. Nat\u00fcrlich kann Bacterial auch direkt in den Gie\u00dfwasser-Beh\u00e4lter gegeben werden, vorzugsweise jedoch 24 Stdn. vor Gebrauch.<br \/>\n(Der N\u00e4hrboden der Bakterie wird bei einem normalen Hydro-System keine Verstopfung verursachen.) Das Durchsp\u00fclen der Steinwolle am Beginn der Zucht geschieht nat\u00fcrlich auch mit Bacterial. Die Schaffung eines g\u00fcnstigen Biotop innerhalb der Steinwolle, ehe die Pflanzen damit in Ber\u00fchrung kommen, ist eine Voraussetzung, um letztendlich ein nat\u00fcrliches und gesundes Gew\u00e4chs zu z\u00fcchten.<\/p>\n<p>Benutzen Sie Bacterial regelm\u00e4\u00dfig (1 x pro Woche), um daf\u00fcr zu sorgen, da\u00df gen\u00fcgend \u201cGiftfresser\u201d im Wurzelmedium vorhanden sind.<br \/>\nDie Anwendung von Fungiziden wird die Wirkung von Bacterial stark beeintr\u00e4chtigen.<br \/>\nUm das Biotop nach einer Fungizid-Behandlung schnellstm\u00f6glich zu regenerieren, ist Bacterial ebenfalls hervorragend geeignet, ein nat\u00fcrliches und gutes Produkt!<\/p>\n<p><strong>F\u00fcr Bio-Systeme:<\/strong><br \/>\nEine Dosis Bacterial kann dem Wurzelmedium gleich zu Beginn auf verschiedene Weise zugef\u00fchrt werden. Einfach mit der Bew\u00e4sserung ist eine geeichte, zweckm\u00e4\u00dfige und wahrscheinlich die einfachste Methode.<br \/>\n24 Stdn. vor dem Bew\u00e4ssern wird ein Eimer Wasser (pH-Wert 6,2 bis 7) bei Zimmertemperatur bereitgestellt. 1 bis 2 Teel\u00f6ffel Bacterial reichen aus, um schnell Milliarden von Bakterien entstehen zu lassen. Dieser L\u00f6sung mit Bacterial kann kurz vor dem Bew\u00e4ssern eventuell benutzte Pflanzennahrung zugef\u00fcgt werden. \u00dcberdosierung von Bacterial ist kein Problem.<br \/>\nBeim Zusammenstellen des Wurzelmediums kann Bacterial auch in der vorliegenden gefriergetrockneten Form untergemischt werden.<br \/>\nMindestens 1 x pro Woche eine kleine Dosis Bacterial, um f\u00fcr ein g\u00fcnstiges Biotop zu sorgen.<br \/>\nDas richtige Biotop sichert den Pflanzen eine gute Entwicklung. Es l\u00e4\u00dft die Pflanzen die richtigen Cannabinoide bilden, die ihnen den n\u00f6tigen nat\u00fcrlichen Schutz vor allerlei Krankheiten, Schimmeln und Ungeziefer bieten.<br \/>\nBio-Anbau BRAUCHT Bacterial!<\/p>\n<p>Bacterial gibt es in 50 und 200 ml. Auch erh\u00e4ltlich <a href=\"https:\/\/www.nomercyshop.nl\/plant-nutrition\/no-mercy-supply-1111202508\/bacterial-en-gb\"target=\"_blank\"><font color=\"#0000ff\"><b> hier<\/b><\/font><\/A><\/p>\n<\/div><div class=\"text-center\"><img src=\"https:\/\/www.nomercy.nl\/site\/wp-content\/uploads\/2016\/08\/No-Mercy-Supply-web-PAG-2.jpg\" class=\"ui-image\" alt=\"\"\/><\/div><div class=\"cf\"><\/div>","protected":false},"excerpt":{"rendered":"<p>PreviousNextBacterialF\u00fcr biotopische Ausgewogenheit in jedem WurzelmediumDiese Packung enth\u00e4lt Kulturen von Mikro-Organismen in gefriergetrocknetem Zustand. In Verbindung mit Wasser entstehen innerhalb von 24 Stdn. Milliarden nitrifizierender Bakterien. Obwohl sie sehr klein und nichtig scheinen, sind diese Bakterien f\u00fcr das Leben auf der Erde unentbehrlich. Auch Pflanzen sind abh\u00e4ngig von ihnen. Nitrifizierende Bakterien spielen eine Hauptrolle beim [&hellip;]<\/p>\n","protected":false},"author":1,"featured_media":0,"parent":519,"menu_order":2,"comment_status":"closed","ping_status":"closed","template":"","meta":[],"_links":{"self":[{"href":"https:\/\/www.nomercy.nl\/site\/wp-json\/wp\/v2\/pages\/166"}],"collection":[{"href":"https:\/\/www.nomercy.nl\/site\/wp-json\/wp\/v2\/pages"}],"about":[{"href":"https:\/\/www.nomercy.nl\/site\/wp-json\/wp\/v2\/types\/page"}],"author":[{"embeddable":true,"href":"https:\/\/www.nomercy.nl\/site\/wp-json\/wp\/v2\/users\/1"}],"replies":[{"embeddable":true,"href":"https:\/\/www.nomercy.nl\/site\/wp-json\/wp\/v2\/comments?post=166"}],"version-history":[{"count":9,"href":"https:\/\/www.nomercy.nl\/site\/wp-json\/wp\/v2\/pages\/166\/revisions"}],"predecessor-version":[{"id":928,"href":"https:\/\/www.nomercy.nl\/site\/wp-json\/wp\/v2\/pages\/166\/revisions\/928"}],"up":[{"embeddable":true,"href":"https:\/\/www.nomercy.nl\/site\/wp-json\/wp\/v2\/pages\/519"}],"wp:attachment":[{"href":"https:\/\/www.nomercy.nl\/site\/wp-json\/wp\/v2\/media?parent=166"}],"curies":[{"name":"wp","href":"https:\/\/api.w.org\/{rel}","templated":true}]}}