{"id":163,"date":"2013-07-04T17:41:05","date_gmt":"2013-07-04T15:41:05","guid":{"rendered":"http:\/\/www.nomercysupply.nl\/site\/?page_id=163"},"modified":"2017-06-22T14:20:06","modified_gmt":"2017-06-22T12:20:06","slug":"bacterial","status":"publish","type":"page","link":"https:\/\/www.nomercy.nl\/site\/fr\/produits\/bacterial\/","title":{"rendered":"Bacterial"},"content":{"rendered":"\r\n\t\t\t<script type=\"text\/javascript\">\r\n\t\t\t\t\r\n\t\t\t\tjQuery(document).ready(function(){\r\n\r\n\t\t\t\t\t\tjQuery(\"#cycle-2jxL > li:eq(0) > img\").imagesLoaded(function() {\r\n\t\t\t\t\t\t\tvar layer_slider_count = jQuery(\"#cycle-2jxL > li\").length;\r\n\r\n\t\t\t\t\t\t\tif ( jQuery.browser.mozilla ) {\r\n\t\t\t\t\t\t\t\t\tjQuery(\"#cycle-2jxL\").find(\"[data-transition]\").each(\r\n\t\t\t\t\t\t\t\t\tfunction () {\r\n\t\t\t\t\t\t\t            var ele = jQuery(this);\r\n\t\t\t\t\t\t\t            var trans = ele.attr(\"data-transition\");\r\n\t\t\t\t\t\t\t            ele.removeClass(\"animated\").removeClass(trans);\r\n\t\t\t\t\t\t\t\t    }\r\n\t\t\t\t\t\t\t\t);\r\n\r\n\t\t\t\t\t\t\t\tif ( layer_slider_count == 1 ) {\r\n\r\n\t\t\t\t\t\t\t\t\tjQuery(\"#cycle-2jxL > li\").first().find(\"[data-transition]\").each(\r\n\t\t\t\t\t\t\t\t\t\tfunction () {\r\n\t\t\t\t\t\t\t\t\t\t\tvar ele = jQuery(this);\r\n\t\t\t\t\t\t\t\t\t\t\tvar trans = ele.attr(\"data-transition\");\r\n\t\t\t\t\t\t\t\t\t\t\tele.addClass(\"animated \" + trans);\r\n\t\t\t\t\t\t\t\t\t\t}\r\n\t\t\t\t\t\t\t\t\t );\r\n\r\n\t\t\t\t\t\t\t\t}\r\n\t\t\t                }\r\n\r\n\t\t\t\t\t\t\tvar cycle_slider = jQuery(\"#cycle-2jxL\").cycle({\r\n\t\t\t\t\t\t\t\t\/\/timeout: 5000,\r\n\t\t\t\t\t\t\t\tspeed: 500,\r\n\t\t\t\t\t\t\t\tfx: \"fade\",\r\n\t\t\t\t\t\t\t\tslideResize: true,\r\n\t\t\t\t\t\t\t    containerResize: false,\r\n\t\t\t\t\t\t\t    width: \"100%\",\r\n\t\t\t\t\t\t\t\theight: 376,\r\n\t\t\t\t\t\t\t    fit: 1,\r\n\t\t\t\t\t\t\t\tpager:  \"#cycle-2jxL_pager\",\r\n\t\t\t\t\t\t\t\tpagerAnchorBuilder: function(idx, slide) { \r\n\t\t\t\t\t\t\t\t\treturn \"#cycle-2jxL_pager li:eq(\" + idx + \") a\";\r\n\t\t\t\t\t\t\t\t},\r\n\t\t\t\t\t\t\t\tprev:    \"#cycle-2jxL_navigation .prev\",\r\n\t\t\t\t\t\t\t\tnext:    \"#cycle-2jxL_navigation .next\",\r\n\t\t\t\t\t\t\t\tpause:  true,\r\n\t\t\t\t\t\t\t\tpaused: function(cont, opts, byHover) {\r\n\t\t\t\t\t\t\t\t\tcycle_slider_state.find(\"a\").addClass(\"paused\").removeClass(\"resumed\");\r\n\t\t\t\t\t\t\t\t},\r\n\t\t\t\t\t\t\t\tresumed: function(cont, opts, byHover) {\r\n\t\t\t\t\t\t\t\t\tcycle_slider_state.find(\"a\").addClass(\"resumed\").removeClass(\"paused\");\r\n\t\t\t\t\t\t\t\t},\r\n\r\n\t\t\t\t\t\t\t\ttimeoutFn: function(currSlideElement, nextSlideElement, options, forwardFlag){\r\n\t\t\t\t\t\t\t\t\tvar elements = jQuery(currSlideElement).parent(),\r\n\t\t\t\t\t\t\t\t\t\tcurrent  = elements.children(\".current\");\r\n\r\n\t\t\t\t\t\t\t\t\tvar spec_timeout = parseFloat(current.attr(\"data-timeout\"));\r\n\r\n\t\t\t\t\t\t\t\t\tif ( spec_timeout > 0 ) {\r\n\t\t\t\t\t\t\t\t\t\treturn spec_timeout;\r\n\t\t\t\t\t\t\t\t\t}\r\n\r\n\t\t\t\t\t\t\t\t\treturn 5000;\r\n\t\t\t\t\t\t\t\t},\r\n\r\n\r\n\t\t\t\t\t\t\t\tbefore:function (currSlideElement, nextSlideElement, options, forwardFlag) {\r\n\t\t\t\t\t\t\t\t\tjQuery(currSlideElement).removeClass(\"current\");\r\n\t\t\t\t\t\t\t\t\tjQuery(nextSlideElement).addClass(\"current\");\r\n\r\n\t\t\t\t\t\t\t\t\tif ( jQuery.browser.mozilla ) {\r\n\r\n\t\t\t\t\t\t\t\t\t\tjQuery(nextSlideElement).find(\"[data-transition]\").each(\r\n\t\t\t\t\t\t\t\t\t\t\tfunction () {\r\n\t\t\t\t\t\t\t\t\t\t\t\tvar ele = jQuery(this);\r\n\t\t\t\t\t\t\t\t\t\t\t\tvar trans = ele.attr(\"data-transition\");\r\n\t\t\t\t\t\t\t\t\t\t\t\tele.removeClass(\"animated\").removeClass(trans).css(\"visibility\", \"hidden\");\r\n\t\t\t\t\t\t\t\t\t\t\t}\r\n\t\t\t\t\t\t\t\t\t\t);\r\n\r\n\t\t\t\t\t\t\t\t\t\tif (currSlideElement != nextSlideElement) {\r\n\t\t\t\t\t\t\t\t\t\t\tjQuery(currSlideElement).find(\"[data-transition]\").each(\r\n\t\t\t\t\t\t\t\t\t\t\t\tfunction () {\r\n\t\t\t\t\t\t\t\t\t\t\t\t\tvar ele = jQuery(this);\r\n\t\t\t\t\t\t\t\t\t\t\t\t\tvar trans = ele.attr(\"data-transition\");\r\n\t\t\t\t\t\t\t\t\t\t\t\t\tele.removeClass(\"animated\").removeClass(trans);\r\n\t\t\t\t\t\t\t\t\t\t\t\t}\r\n\t\t\t\t\t\t\t\t\t\t\t);\r\n\t\t\t\t\t\t\t\t\t\t}\r\n\t\t\t\t\t\t\t\t\t}\r\n\r\n\t\t\t\t\t\t\t\t},\r\n\r\n\t\t\t\t\t\t\t\tafter:function (currSlideElement, nextSlideElement, options, forwardFlag) {\r\n\t\t\t\t\t\t\t\t\tjQuery(currSlideElement).removeClass(\"current\");\r\n\t\t\t\t\t\t\t\t\tjQuery(nextSlideElement).addClass(\"current\");\r\n\t\t\t\t\t\t\t\t\tif ( jQuery.browser.mozilla ) {\r\n\r\n\t\t\t\t\t\t\t\t\t\t\/** Add Classes *\/\r\n\t\t\t\t\t\t\t\t\t\tjQuery(nextSlideElement).find(\"[data-transition]\").each(\r\n\t\t\t\t\t\t\t\t\t\t\tfunction () {\r\n\t\t\t\t\t\t\t\t\t\t\t\tvar ele = jQuery(this);\r\n\t\t\t\t\t\t\t\t\t\t\t\tvar trans = ele.attr(\"data-transition\");\r\n\t\t\t\t\t\t\t\t\t\t\t\tele.css(\"visibility\", \"visible\").addClass(\"animated \" + trans);\r\n\t\t\t\t\t\t\t\t\t\t\t}\r\n\t\t\t\t\t\t\t\t\t\t);\r\n\r\n\t\t\t\t\t\t\t\t\t}\r\n\t\t\t\t\t\t\t\t}\r\n\t\t\t\t\t\t\t});\r\n\t\t\t\t\t\t\t\r\n\t\t\t\t\t\t\t\/*\r\n\t\t\t\t\t\t\t\tjQuery(\"#cycle-2jxL\").hover(function(){\r\n\t\t\t\t\t\t\t\t\tcycle_slider.cycle(\"pause\", true);\r\n\t\t\t\t\t\t\t\t},function(){\r\n\t\t\t\t\t\t\t\t\tcycle_slider.cycle(\"resume\", true);\r\n\t\t\t\t\t\t\t\t});\r\n\r\n\t\t\t\t\t\t\t*\/\r\n\r\n\t\t\t\t\t\t\t\t\r\n\r\n\t\t\t\t\t\t\tjQuery(\"#cycle-2jxL_placeholder\").hide();\r\n\r\n\t\t\t\t\t\t\tjQuery(\"#cycle-2jxL_placeholder\").hide();\r\n\t\t\t\t\t\t\tcycle_slider.show();\r\n\t\t\t\t\t\t\tjQuery(\"#cycle-2jxL_pager, #cycle-2jxL_navigation, #cycle-2jxL_state\").delay(1000).fadeIn();\r\n\t\t\t\t\t\t\tcfw_refreshScrollbar();\r\n\r\n\t\t\t\t\t\t\tvar cycle_slider_state = jQuery(\"#cycle-2jxL_state\").click(function() {\r\n\t\t\t\t\t\t\t\tvar paused = cycle_slider.is(\":paused\");\r\n\t\t\t\t\t\t\t\tcycle_slider.cycle(paused ? \"resume\" : \"pause\", true);\r\n\t\t\t\t\t\t\t});\r\n\r\n\t\t\t\t\t\t\t\/** Swipe *\/\r\n\t\t\t\t\t\t\tif( jQuery.isFunction(jQuery.fn.swipe) ) {\r\n\r\n\t\t\t\t\t\t\t\tjQuery(\"#cycle-2jxL\").swipe({\r\n\t\t\t\t\t\t\t\t\tallowPageScroll: \"vertical\",\r\n\t\t\t\t\t\t\t\t\tswipe:function(event, direction, distance, duration, fingerCount) {\r\n\t\t\t\t\t\t\t\t\t\tif ( direction == \"left\" )\r\n\t\t\t\t\t\t\t\t\t\t\tjQuery(\"#cycle-2jxL_navigation .prev\").click();\r\n\t\t\t\t\t\t\t\t\t\telse\r\n\t\t\t\t\t\t\t\t\t\t\tjQuery(\"#cycle-2jxL_navigation .next\").click();\r\n\r\n\t\t\t\t\t\t\t\t\t}\r\n\t\t\t\t\t\t\t\t});\r\n\t\t\t\t\t\t\t}\r\n\t\t\r\n\t\t\t\t\t\t\t\/** Set Height *\/\r\n\t\t\t\t\t\t\tvar device_callback = function( event, device ){\r\n\r\n\t\t\t\t\t\t\t\tif ( device == \"tablet\" )\r\n\t\t\t\t\t\t\t\t\tvar spec_height = 376; \r\n\t\t\t\t\t\t\t\telse if ( device == \"mobile\" )\r\n\t\t\t\t\t\t\t\t\tvar spec_height = 376;\r\n\t\t\t\t\t\t\t\telse if ( device == \"mobile-portrait\" ) {\r\n\t\t\t\t\t\t\t\t\tvar spec_height = 376;\r\n\t\t\t\t\t\t\t\t}\r\n\t\t\t\t\t\t\t\telse\r\n\t\t\t\t\t\t\t\t\tvar spec_height = 376;\r\n\r\n\t\t\t\t\t\t\t\tjQuery(\"#cycle-2jxL\").css(\"height\", spec_height);\r\n\t\t\t\t\t\t\t\tjQuery(\"#cycle-2jxL > li\").css(\"height\", spec_height);\r\n\t\t\t\t\t\t\t\tjQuery(\"#cycle-2jxL_placeholder\").css(\"height\", spec_height);\r\n\r\n\r\n\t\t\t\t\t\t\t}\r\n\r\n\t\t\t\t\t\t\tdevice_callback( [], CloudFwOp.device );\r\n\t\t\t\t\t\t\tjQuery(window).bind(\"CloudFwDetectDevice\", device_callback );\r\n\r\n\t\t\t\t\t\t});\r\n\t\t\t\t\t\t\t\r\n\r\n\t\t\t\t});\t\t\t\t\t\t\t\t\r\n\r\n\r\n\t\t\t<\/script>\r\n\t\t\t\r\n\t\t\t\r\n\t\t\t<div class=\"cycle-wrap fill\">\r\n\t\t\t\t<div id=\"cycle-2jxL_placeholder\" class=\"cycle-placeholder\" style=\"height: 376px; \"><\/div>\r\n\r\n\t\t\t\t<ul id=\"cycle-2jxL\" class=\"cycle global-radius nobr-bottom overflow-hidden nobr-bottom-handler left pagination-off\" style=\"display:none; width: 100%;height: 376px; \"><li class=\"global-radius nobr-bottom\" style=\"position:relative; overflow:hidden;height: 376px; \" data-timeout=\"0\"><div class=\"slider-layer  animated fadeInRight hover-moveRight\" data-transition=\"fadeInRight\"  style=\"top: 94px; left: 292px; z-index: 50; animation-delay: 1s;-moz-animation-delay: 1s;-webkit-animation-delay: 1s;-ms-animation-delay: 1s;-o-animation-delay: 1s; \"><img src=\"http:\/\/www.nomercy.nl\/site\/wp-content\/uploads\/2014\/05\/No-Mercy-Suppy_Bacterial-50ML.png\" class=\"slider-layer-img\" alt=\"\"\/><\/div><div class=\"slider-layer  animated fadeInRight hover-moveRight\" data-transition=\"fadeInRight\"  style=\"top: 64px; left: 557px; z-index: 40; animation-delay: 1s;-moz-animation-delay: 1s;-webkit-animation-delay: 1s;-ms-animation-delay: 1s;-o-animation-delay: 1s; \"><img src=\"http:\/\/www.nomercy.nl\/site\/wp-content\/uploads\/2014\/05\/No-Mercy-Suppy_Bacterial-200ML.png\" class=\"slider-layer-img\" alt=\"\"\/><\/div><div class=\"slider-layer  animated fadeInLeft\" data-transition=\"fadeInLeft\"  style=\"top: 72px; left: 30px; z-index: 30; animation-delay: 1s;-moz-animation-delay: 1s;-webkit-animation-delay: 1s;-ms-animation-delay: 1s;-o-animation-delay: 1s; \"><img src=\"http:\/\/www.nomercy.nl\/site\/wp-content\/uploads\/2014\/05\/No-Mercy-Suppy_Bacterial.png\" class=\"slider-layer-img\" alt=\"\"\/><\/div><div class=\"slider-layer  animated fadeIn\" data-transition=\"fadeIn\"  style=\"top: 49px; left: 0px; z-index: 20; \"><img src=\"http:\/\/www.nomercy.nl\/site\/wp-content\/uploads\/2014\/05\/No-Mercy-Suppy_Balk-Wit-1.png\" class=\"slider-layer-img\" alt=\"\"\/><\/div><div class=\"slider-layer  animated fadeIn\" data-transition=\"fadeIn\"  style=\"top: 125px; left: 0px; z-index: 10; \"><img src=\"http:\/\/www.nomercy.nl\/site\/wp-content\/uploads\/2014\/05\/No-Mercy-Suppy_BG-Bacterial.png\" class=\"slider-layer-img\" alt=\"\"\/><\/div><\/li><\/ul><div style=\"display:none;\"><div id=\"cycle-2jxL_navigation\" style=\"display:none;\" class=\"cycle-navigation\"><a href=\"javascript:;\" class=\"prev sprite\">Previous<\/a><a href=\"javascript:;\" class=\"next sprite\">Next<\/a><\/div><\/div><\/div><!-- \/.cycle-wrap --><div class=\"down\"><\/div><h1>Bacterial<\/h1><h4>Acc\u00e9l\u00e8re l\u2019apparition d\u2019un \u00e9quilibre naturel dans chaque milieu de croissance<\/h4><p class=\"d2\" style=\"border-bottom-color: #335d23 !important; \"><\/p><div class=\"cf clear\"><\/div><div class=\"auto-format\"><p>Bacterial contient des cultures de micro-organismes lyophilis\u00e9es. Lorsqu\u2019on les ajoute \u00e0 l\u2019eau, des milliards de bact\u00e9ries nitrifiantes apparaitront sous 24 heures. Malgr\u00e9 leur tr\u00e8s petite taille, ces bact\u00e9ries sont indispensables pour la vie sur terre. La vie v\u00e9g\u00e9tale d\u00e9pend \u00e9galement de ces bact\u00e9ries. Les bact\u00e9ries nitrifiantes ont un r\u00f4le principal dans la d\u00e9min\u00e9ralisation de composants organiques. Ces bact\u00e9ries, ensemble avec des enzymes et moisissures, convertissent les d\u00e9chets organiques en substances nutritionnelles absorbables pour les plantes.<br \/>\nVous avez ici un produit rapide et efficace pour cr\u00e9er le bon biotope pour le milieu de croissance de vos plantes. Apr\u00e8s tout, vos plantes m\u00e9ritent le meilleur d\u00e9part possible au sein d\u2019un biotope pour bien se d\u00e9velopper.<br \/>\nEt voil\u00e0 \u00e0 quoi sert Bacterial!<\/p>\n<p>Vu qu\u2019il y a moins de substances d\u00e9chets (poison) dans le milieu de croissance, vous avez moins besoin d\u2019en \u00e9vacuer au rin\u00e7age.<br \/>\nUn atout suppl\u00e9mentaire de ces bact\u00e9ries nitrifiantes \u201cd\u00e9voratrices de d\u00e9chets\u201d!<\/p>\n<p><strong>Application pour les hydro syst\u00e8mes:<\/strong><br \/>\nUne ou deux cuill\u00e8res \u00e0 th\u00e9 directement dans le tonneau. Le surdosage n\u2019est pas g\u00eanant. Apr\u00e8s 20-24 heures, des milliards de bact\u00e9ries se seront form\u00e9es. Le sch\u00e9ma de nutrition habituel peut rester le m\u00eame.<br \/>\nV\u00e9rifiez que le filtre du tonneau fonctionne bien lorsque vous y m\u00e9langez la bact\u00e9rie.<br \/>\nRincez vos substrats avec Bacterial avant d\u2019entamer la culture. Cr\u00e9er un bon biotope au sein des substrats est une condition essentielle pour obtenir une culture en bonne sant\u00e9.<br \/>\nUtilisez Bacterial r\u00e9guli\u00e8rement pour vous assurer qu\u2019il y ait assez de \u201cd\u00e9voratrices de poison\u201d dans le milieu de croissance. L\u2019utilisation d\u2019un fongicide atteindra au bon fonctionnement de la bact\u00e9rie.<br \/>\nSuite \u00e0 un traitement de fongicide, Bacterial est le produit id\u00e9al pour r\u00e9tablir le biotope de votre milieu de croissance au plus vite! <\/p>\n<p><strong>Application pour les biosyst\u00e8mes:<\/strong><br \/>\nIl y a diff\u00e9rentes mani\u00e8res pour  ajouter une dose de Bacterial \u00e0 votre substrat de base. De l\u2019ajouter \u00e0 l\u2019eau d\u2019arrosage est sans doute le moyen le plus facile, efficace et calcul\u00e9. Pr\u00e9parez un seau d\u2019eau (pH entre 6.2 -7) \u00e0 temp\u00e9rature ambiante, de pr\u00e9f\u00e9rence 24h en avance. Une ou deux cuill\u00e8res \u00e0 th\u00e9 suffisent pour cr\u00e9er des milliards de bact\u00e9ries. M\u00e9langer la solution de Bacterial dans la forme lyophilis\u00e9e au substrat est \u00e9galement efficace. Donnez une dose au moins deux fois par semaine pour maintenir un bon biotope. Un bon biotope garantit un bon d\u00e9veloppement des plantes. Cela permet aux plantes de former les bonnes substances constituant leur d\u00e9fense naturelle contre diff\u00e9rentes maladies, moisissures et ravageurs.<br \/>\nUne culture biologique ne demande qu\u2019une chose: Bacterial!<\/p>\n<p>Bacterial est disponible en 50 et 200ml. Aussi disponible <a href=\"https:\/\/www.nomercyshop.nl\/plant-nutrition\/no-mercy-supply-1111202508\/bacterial-en-gb\"target=\"_blank\"><font color=\"#0000ff\"><b> ici<\/b><\/font><\/A><\/p>\n<\/div><div class=\"text-center\"><img src=\"https:\/\/www.nomercy.nl\/site\/wp-content\/uploads\/2016\/08\/No-Mercy-Supply-web-PAG-2.jpg\" class=\"ui-image\" alt=\"\"\/><\/div><div class=\"cf\"><\/div>","protected":false},"excerpt":{"rendered":"<p>PreviousNextBacterialAcc\u00e9l\u00e8re l\u2019apparition d\u2019un \u00e9quilibre naturel dans chaque milieu de croissanceBacterial contient des cultures de micro-organismes lyophilis\u00e9es. Lorsqu\u2019on les ajoute \u00e0 l\u2019eau, des milliards de bact\u00e9ries nitrifiantes apparaitront sous 24 heures. Malgr\u00e9 leur tr\u00e8s petite taille, ces bact\u00e9ries sont indispensables pour la vie sur terre. La vie v\u00e9g\u00e9tale d\u00e9pend \u00e9galement de ces bact\u00e9ries. Les bact\u00e9ries nitrifiantes [&hellip;]<\/p>\n","protected":false},"author":1,"featured_media":0,"parent":985,"menu_order":2,"comment_status":"closed","ping_status":"closed","template":"","meta":[],"_links":{"self":[{"href":"https:\/\/www.nomercy.nl\/site\/wp-json\/wp\/v2\/pages\/163"}],"collection":[{"href":"https:\/\/www.nomercy.nl\/site\/wp-json\/wp\/v2\/pages"}],"about":[{"href":"https:\/\/www.nomercy.nl\/site\/wp-json\/wp\/v2\/types\/page"}],"author":[{"embeddable":true,"href":"https:\/\/www.nomercy.nl\/site\/wp-json\/wp\/v2\/users\/1"}],"replies":[{"embeddable":true,"href":"https:\/\/www.nomercy.nl\/site\/wp-json\/wp\/v2\/comments?post=163"}],"version-history":[{"count":7,"href":"https:\/\/www.nomercy.nl\/site\/wp-json\/wp\/v2\/pages\/163\/revisions"}],"predecessor-version":[{"id":975,"href":"https:\/\/www.nomercy.nl\/site\/wp-json\/wp\/v2\/pages\/163\/revisions\/975"}],"up":[{"embeddable":true,"href":"https:\/\/www.nomercy.nl\/site\/wp-json\/wp\/v2\/pages\/985"}],"wp:attachment":[{"href":"https:\/\/www.nomercy.nl\/site\/wp-json\/wp\/v2\/media?parent=163"}],"curies":[{"name":"wp","href":"https:\/\/api.w.org\/{rel}","templated":true}]}}