{"id":155,"date":"2013-08-18T11:32:22","date_gmt":"2013-08-18T09:32:22","guid":{"rendered":"http:\/\/www.nomercysupply.nl\/site\/?page_id=155"},"modified":"2017-06-22T14:51:02","modified_gmt":"2017-06-22T12:51:02","slug":"sweet-jane-3","status":"publish","type":"page","link":"https:\/\/www.nomercy.nl\/site\/de\/produkte\/sweet-jane-3\/","title":{"rendered":"Sweet Jane"},"content":{"rendered":"<br\/><br\/><div class=\"cloudfw-fatal-error\"><strong>Error<\/strong>: Slider cannot found<\/div><br\/><br\/><div class=\"down\"><\/div><h1>Sweet Jane 1 & 2<\/h1><h4>Die intelligente biominerale Basisd\u00fcngung.<\/h4><p class=\"d2\" style=\"border-bottom-color: #335d23 !important; \"><\/p><div class=\"cf clear\"><\/div><div class=\"auto-format\"><p>Sweet Jane 1 und 2 sind nach den Nahrungsanforderungen des Gew\u00e4chses entwickelt. Weil das Nahrungsbed\u00fcrfnis w\u00e4hrend der Bl\u00fcte, Fruchtsetzung und Reifung nicht gleich ist, haben wir eine Nahrung entwickelt die sehr gut die Anforderungen des Gew\u00e4chses in den unterschiedlichen Stadien der Zucht ber\u00fccksichtigt. Dadurch entbehren die Pflanzen nichts und bleiben auch keine R\u00fcckst\u00e4nde in der Erde, die f\u00fcr Anh\u00e4ufungen und damit Blockaden sorgen. Die Spurenelemente im Mineralenteil sind an Chelat gebunden. Das Eisen ist an das Fe-EDDHA Chelat gebunden, wodurch die Aufnahme von Eisen auch bei PH Abweichungen garantiert bleibt.<br \/>\nSweet Jane 1 hat ein NPK Verh\u00e4ltnis von 7-7-7. Diese Nahrung ist brauchbar vom Anfang bis zur 2. Fase der Fruchtsetzung.<br \/>\nSweet Jane 2 hat ein NPK Verh\u00e4ltnis von 2-4-9 und ist verwendungsf\u00e4hig f\u00fcr den Rest der Periode. Eventuell k\u00f6nnen Sweet Jane 1 und 2 w\u00e4hrend der \u00dcbergangswoche gemischt werden.<br \/>\nDie Verwendung von Grow Sensation w\u00e4hrend der vegetativen Periode und Bloom Sensation w\u00e4hrend der Bl\u00fcte\/Fruchtsetzung f\u00fchrt zu einem noch besseren Resultat, ist aber keine Verpflichtung. Mit nur Sweet Jane sind schon sehr gute Resultate zu erreichen.<br \/>\n Als Dosierung von Sweet Jane 1 und 2  raten wir maximal 10 Milliliter auf 2 Liter Wasser f\u00fcr erwachsenen Pflanzen. Es kann bei jeder Wassergabe verabreicht werden. F\u00fcr Pflanzen kleiner als 30 Zentimeter kann man die Dosierung am besten halbieren.<br \/>\nDie Verwendung eine EC-Meters beim Anmachen der Nahrung hat nat\u00fcrlich den Vorrang.. <\/p>\n<p>Sweet Jane ist in den 1 und 10 Litern. Auch erh\u00e4ltlich <a href=\"https:\/\/www.nomercyshop.nl\/plant-nutrition\/no-mercy-supply-1111202508\/sweet-jane\"target=\"_blank\"><font color=\"#0000ff\"><b> hier<\/b><\/font><\/A><\/p>\n<\/div><div class=\"cf\"><\/div>","protected":false},"excerpt":{"rendered":"<p>Error: Slider cannot foundSweet Jane 1 &#038; 2Die intelligente biominerale Basisd\u00fcngung.Sweet Jane 1 und 2 sind nach den Nahrungsanforderungen des Gew\u00e4chses entwickelt. Weil das Nahrungsbed\u00fcrfnis w\u00e4hrend der Bl\u00fcte, Fruchtsetzung und Reifung nicht gleich ist, haben wir eine Nahrung entwickelt die sehr gut die Anforderungen des Gew\u00e4chses in den unterschiedlichen Stadien der Zucht ber\u00fccksichtigt. Dadurch entbehren [&hellip;]<\/p>\n","protected":false},"author":1,"featured_media":0,"parent":519,"menu_order":5,"comment_status":"closed","ping_status":"closed","template":"","meta":[],"_links":{"self":[{"href":"https:\/\/www.nomercy.nl\/site\/wp-json\/wp\/v2\/pages\/155"}],"collection":[{"href":"https:\/\/www.nomercy.nl\/site\/wp-json\/wp\/v2\/pages"}],"about":[{"href":"https:\/\/www.nomercy.nl\/site\/wp-json\/wp\/v2\/types\/page"}],"author":[{"embeddable":true,"href":"https:\/\/www.nomercy.nl\/site\/wp-json\/wp\/v2\/users\/1"}],"replies":[{"embeddable":true,"href":"https:\/\/www.nomercy.nl\/site\/wp-json\/wp\/v2\/comments?post=155"}],"version-history":[{"count":6,"href":"https:\/\/www.nomercy.nl\/site\/wp-json\/wp\/v2\/pages\/155\/revisions"}],"predecessor-version":[{"id":1862,"href":"https:\/\/www.nomercy.nl\/site\/wp-json\/wp\/v2\/pages\/155\/revisions\/1862"}],"up":[{"embeddable":true,"href":"https:\/\/www.nomercy.nl\/site\/wp-json\/wp\/v2\/pages\/519"}],"wp:attachment":[{"href":"https:\/\/www.nomercy.nl\/site\/wp-json\/wp\/v2\/media?parent=155"}],"curies":[{"name":"wp","href":"https:\/\/api.w.org\/{rel}","templated":true}]}}