{"id":154,"date":"2013-08-18T11:31:39","date_gmt":"2013-08-18T09:31:39","guid":{"rendered":"http:\/\/www.nomercysupply.nl\/site\/?page_id=154"},"modified":"2017-06-22T14:50:38","modified_gmt":"2017-06-22T12:50:38","slug":"sweet-jane-2","status":"publish","type":"page","link":"https:\/\/www.nomercy.nl\/site\/fr\/produits\/sweet-jane-2\/","title":{"rendered":"Sweet Jane"},"content":{"rendered":"<br\/><br\/><div class=\"cloudfw-fatal-error\"><strong>Error<\/strong>: Slider cannot found<\/div><br\/><br\/><div class=\"down\"><\/div><h1>Sweet Jane 1 & 2<\/h1><h4>La nutrition biomin\u00e9rale intelligente de base<\/h4><p class=\"d2\" style=\"border-bottom-color: #335d23 !important; \"><\/p><div class=\"cf clear\"><\/div><div class=\"auto-format\"><p>Sweet Jane 1 et 2 ont \u00e9t\u00e9 d\u00e9velopp\u00e9es pour les besoins nutritionnels des cultures. \u00c9tant donn\u00e9 que les besoins nutritionnels changent entre floraison, fructification et m\u00fbrissement, nous avons d\u00e9velopp\u00e9 une nutrition qui tient compte des besoins changeants selon les stades.<br \/>\nAinsi, les plantes ne manquent en rien et aucune substance nutritionnelle r\u00e9siduelle, pouvant provoquer des accumulations et des blocages, ne reste dans le sol.<br \/>\nLes oligo-\u00e9l\u00e9ments sont ch\u00e9lat\u00e9s. Le fer est li\u00e9 au ch\u00e9late Fe-EDDHA garantissant l\u2019absorption du fer m\u00eame en cas de variation du pH.<br \/>\nSweet Jane 1 contient un rapport NPK de 7-7-7. Il faut employer cette nutrition du d\u00e9but du cycle jusqu\u2019\u00e0 la phase 2 de fructification. <\/p>\n<p>Sweet Jane 2 contient un rapport NPK de 2-4-9. Il faut employer cette nutrition pour la suite du cycle.<br \/>\nOn peut \u00e9ventuellement m\u00e9langer Sweet Jane 1 et 2 durant la semaine de transition.<br \/>\nL\u2019utilisation de Grow Sensation durant la p\u00e9riode v\u00e9g\u00e9tative ainsi que Bloom Sensation durant la floraison\/fructification m\u00e8nera a un r\u00e9sultat encore sup\u00e9rieur. Il n\u2019y a cependant aucune obligation, de bons r\u00e9sultats sont obtenus avec seulement Sweet Jane.<br \/>\nLa dose conseill\u00e9e de Sweet Jane 1 et 2 est de 10 ml maximum sur 2L d\u2019eau pour les plantes adultes. On peut en ajouter \u00e0 chaque arrosage. Pour les plantes mesurant moins de 30cm, mieux ne vaut mettre qu\u2019une demi-dose.<br \/>\nEn composant son engrais, il est pr\u00e9f\u00e9rable d\u2019utiliser un CE m\u00e8tre.<\/p>\n<p>Sweet Jane est disponible en emballages de 1 et 10 litres. Aussi disponible <a href=\"https:\/\/www.nomercyshop.nl\/plant-nutrition\/no-mercy-supply-1111202508\/sweet-jane\"target=\"_blank\"><font color=\"#0000ff\"><b> ici<\/b><\/font><\/A><\/p>\n<\/div><div class=\"cf\"><\/div>","protected":false},"excerpt":{"rendered":"<p>Error: Slider cannot foundSweet Jane 1 &#038; 2La nutrition biomin\u00e9rale intelligente de baseSweet Jane 1 et 2 ont \u00e9t\u00e9 d\u00e9velopp\u00e9es pour les besoins nutritionnels des cultures. \u00c9tant donn\u00e9 que les besoins nutritionnels changent entre floraison, fructification et m\u00fbrissement, nous avons d\u00e9velopp\u00e9 une nutrition qui tient compte des besoins changeants selon les stades. Ainsi, les plantes [&hellip;]<\/p>\n","protected":false},"author":1,"featured_media":0,"parent":985,"menu_order":5,"comment_status":"closed","ping_status":"closed","template":"","meta":[],"_links":{"self":[{"href":"https:\/\/www.nomercy.nl\/site\/wp-json\/wp\/v2\/pages\/154"}],"collection":[{"href":"https:\/\/www.nomercy.nl\/site\/wp-json\/wp\/v2\/pages"}],"about":[{"href":"https:\/\/www.nomercy.nl\/site\/wp-json\/wp\/v2\/types\/page"}],"author":[{"embeddable":true,"href":"https:\/\/www.nomercy.nl\/site\/wp-json\/wp\/v2\/users\/1"}],"replies":[{"embeddable":true,"href":"https:\/\/www.nomercy.nl\/site\/wp-json\/wp\/v2\/comments?post=154"}],"version-history":[{"count":2,"href":"https:\/\/www.nomercy.nl\/site\/wp-json\/wp\/v2\/pages\/154\/revisions"}],"predecessor-version":[{"id":983,"href":"https:\/\/www.nomercy.nl\/site\/wp-json\/wp\/v2\/pages\/154\/revisions\/983"}],"up":[{"embeddable":true,"href":"https:\/\/www.nomercy.nl\/site\/wp-json\/wp\/v2\/pages\/985"}],"wp:attachment":[{"href":"https:\/\/www.nomercy.nl\/site\/wp-json\/wp\/v2\/media?parent=154"}],"curies":[{"name":"wp","href":"https:\/\/api.w.org\/{rel}","templated":true}]}}