{"id":1100,"date":"2013-07-04T17:42:15","date_gmt":"2013-07-04T15:42:15","guid":{"rendered":"http:\/\/www.nomercysupply.nl\/site\/?page_id=1100"},"modified":"2017-06-22T14:55:46","modified_gmt":"2017-06-22T12:55:46","slug":"guano-extract","status":"publish","type":"page","link":"https:\/\/www.nomercy.nl\/site\/pl\/products-pl\/guano-extract\/","title":{"rendered":"Guano Extract"},"content":{"rendered":"<br\/><br\/><div class=\"cloudfw-fatal-error\"><strong>Error<\/strong>: Slider cannot found<\/div><br\/><br\/><div class=\"down\"><\/div><h1>Guano Extract<\/h1><h4>Kompletny naw\u00f3z organiczny dla wszystkich kwiat\u00f3w i ro\u015blin owocowych<\/h4><p class=\"d2\" style=\"border-bottom-color: #335d23 !important; \"><\/p><div class=\"cf clear\"><\/div><div class=\"auto-format\"><p>Powszechnie wiadomo, \u017ce guano to bardzo dobry naw\u00f3z dla wielu ro\u015blin. Natura potrzebuje jednak troch\u0119 czasu, \u017ceby przetworzy\u0107 ten typ nawozu w substancje po\u017cyteczne dla ro\u015blin.  W wielu ro\u015blinach rosn\u0105cych w zakrytych uprawach, cykl jest zbyt kr\u00f3tki, aby ten naturalny proces m\u00f3g\u0142 by\u0107 po\u017cyteczny dla ro\u015blin. W tym wypadku, naw\u00f3z guano nie ma prawie \u017cadnego wp\u0142ywu na upraw\u0119.<br \/>\nZ naszym ekstraktem z guano, oferujemy produkt, w kt\u00f3rym ten naturalny proces zosta\u0142 ju\u017c posuni\u0119ty dalej. Kiedy ten ekstrakt jest dostarczony do uprawy poprzez wod\u0119 do nawo\u017cenia, ro\u015blina ma bardzo szybki dost\u0119p do minera\u0142\u00f3w zapewnionych przez guano. Wszystko zachodzi w pe\u0142ni biologicznym procesie.<br \/>\nNaturalne zwi\u0105zku fosforu, kt\u00f3re powstaj\u0105 podczas tego procesu, dostarczaj\u0105 fosfor w \u0142atwo przyst\u0119pnej formie dla ro\u015bliny, bez ryzyka nagromadzenia szkodliwych substancji, jak przy wielu konwencjonalnych nawozach fosforowych. <\/p>\n<p>U\u017cyj Guano Extract w proporcji 1 do 100. Dodaj 1 litr do 100 litr\u00f3w wody do nawadniania ro\u015blin w fazie rozkwitu a\u017c do ko\u0144ca utworzenia owoc\u00f3w. Zalecamy zastosowanie Bacterial\u2019u razem z Guano Extract, aby zapewni\u0107 szybki rozw\u00f3j naturalnej r\u00f3wnowagi w siedlisku, kt\u00f3rego u\u017cywasz. Guano Extract zapewnia dorodniejsze plony i bardziej soczysty smak owoc\u00f3w.<br \/>\nZ uwagi na to, \u017ce Guano Extract jest w pe\u0142ni organicznym produktem, kolor oraz kompozycja mo\u017ce si\u0119 nieznacznie zmienia\u0107.<\/p>\n<p>Guano Extract jest dost\u0119pny w opakowaniach po 1 i 10 litr\u00f3w. R\u00f3wnie\u017c dost\u0119pne <a href=\"https:\/\/www.nomercyshop.nl\/plant-nutrition\/no-mercy-supply-1111202508\/guano-extract\"target=\"_blank\"><font color=\"#0000ff\"><b> tutaj<\/b><\/font><\/A><\/p>\n<\/div><div class=\"cf\"><\/div>","protected":false},"excerpt":{"rendered":"<p>Error: Slider cannot foundGuano ExtractKompletny naw\u00f3z organiczny dla wszystkich kwiat\u00f3w i ro\u015blin owocowychPowszechnie wiadomo, \u017ce guano to bardzo dobry naw\u00f3z dla wielu ro\u015blin. Natura potrzebuje jednak troch\u0119 czasu, \u017ceby przetworzy\u0107 ten typ nawozu w substancje po\u017cyteczne dla ro\u015blin. W wielu ro\u015blinach rosn\u0105cych w zakrytych uprawach, cykl jest zbyt kr\u00f3tki, aby ten naturalny proces m\u00f3g\u0142 by\u0107 [&hellip;]<\/p>\n","protected":false},"author":1,"featured_media":0,"parent":1108,"menu_order":6,"comment_status":"closed","ping_status":"closed","template":"","meta":[],"_links":{"self":[{"href":"https:\/\/www.nomercy.nl\/site\/wp-json\/wp\/v2\/pages\/1100"}],"collection":[{"href":"https:\/\/www.nomercy.nl\/site\/wp-json\/wp\/v2\/pages"}],"about":[{"href":"https:\/\/www.nomercy.nl\/site\/wp-json\/wp\/v2\/types\/page"}],"author":[{"embeddable":true,"href":"https:\/\/www.nomercy.nl\/site\/wp-json\/wp\/v2\/users\/1"}],"replies":[{"embeddable":true,"href":"https:\/\/www.nomercy.nl\/site\/wp-json\/wp\/v2\/comments?post=1100"}],"version-history":[{"count":3,"href":"https:\/\/www.nomercy.nl\/site\/wp-json\/wp\/v2\/pages\/1100\/revisions"}],"predecessor-version":[{"id":1107,"href":"https:\/\/www.nomercy.nl\/site\/wp-json\/wp\/v2\/pages\/1100\/revisions\/1107"}],"up":[{"embeddable":true,"href":"https:\/\/www.nomercy.nl\/site\/wp-json\/wp\/v2\/pages\/1108"}],"wp:attachment":[{"href":"https:\/\/www.nomercy.nl\/site\/wp-json\/wp\/v2\/media?parent=1100"}],"curies":[{"name":"wp","href":"https:\/\/api.w.org\/{rel}","templated":true}]}}