{"id":1005,"date":"2013-07-04T17:42:15","date_gmt":"2013-07-04T15:42:15","guid":{"rendered":"http:\/\/www.nomercysupply.nl\/site\/?page_id=1005"},"modified":"2017-06-22T14:54:44","modified_gmt":"2017-06-22T12:54:44","slug":"guano-extract","status":"publish","type":"page","link":"https:\/\/www.nomercy.nl\/site\/fr\/produits\/guano-extract\/","title":{"rendered":"Guano Extract"},"content":{"rendered":"<br\/><br\/><div class=\"cloudfw-fatal-error\"><strong>Error<\/strong>: Slider cannot found<\/div><br\/><br\/><div class=\"down\"><\/div><h1>Guano Extract<\/h1><h4>Un engrais compl\u00e9mentaire enti\u00e8rement biologique pour fleurs et fruitiers. <\/h4><p class=\"d2\" style=\"border-bottom-color: #335d23 !important; \"><\/p><div class=\"cf clear\"><\/div><div class=\"auto-format\"><p>Le Guano est reconnu comme un tr\u00e8s bon engrais pour toutes sortes de plantes.<br \/>\nCeci dit, la nature a besoin de temps pour transformer la source des engrais en source de nutrition pour la plante.<br \/>\nEn culture couverte, le cycle de beaucoup de plantes est trop court pour permettre au processus naturel de se r\u00e9aliser. Dans ce cas, la fertilisation avec le Guano, apporte peu ou rien \u00e0 la plante. <\/p>\n<p>Nous vous proposons un extrait de Guano au sein duquel ce processus naturel est d\u00e9j\u00e0 bien lanc\u00e9.  En ajoutant l\u2019extrait \u00e0 l\u2019eau d\u2019arrosage, la plante peut rapidement profiter des min\u00e9raux contenus dans le Guano, et ceci suite \u00e0 un processus enti\u00e8rement biologique.<br \/>\nLe phosphore lib\u00e9r\u00e9 par les connexions naturelles de phosphore qui se cr\u00e9ent durant ce processus, sont directement et enti\u00e8rement absorbables par la plante. De plus, aucune substance nuisible r\u00e9siduelle pouvant s\u2019accumuler, ne restera. <\/p>\n<p>Utilisez l\u2019extrait de Guano en proportion 1:100. Ajoutez donc 1 L pour 100 L d\u2019eau d\u2019arrosage pour les plantes en floraison jusqu\u2019au dernier stade de la fructification.<br \/>\nIl est conseill\u00e9 d\u2019utiliser Bacterial en combinaison avec l\u2019extrait de Guano pour un d\u00e9veloppement plus rapide du biotope de votre milieu de croissance.<br \/>\nGr\u00e2ce au Guano Extract, non seulement le rendement du produit final sera plus \u00e9lev\u00e9, il aura \u00e9galement meilleur go\u00fbt.<br \/>\n\u00c9tant donn\u00e9 que le Guano Extract est un produit naturel enti\u00e8rement biologique, la couleur et la composition peut varier l\u00e9g\u00e8rement selon la saison. <\/p>\n<p>Guano Extract est disponible en emballages de 1 et 10 litres. Aussi disponible <a href=\"https:\/\/www.nomercyshop.nl\/plant-nutrition\/no-mercy-supply-1111202508\/guano-extract\"target=\"_blank\"><font color=\"#0000ff\"><b> ici<\/b><\/font><\/A><\/p>\n<\/div><div class=\"cf\"><\/div>","protected":false},"excerpt":{"rendered":"<p>Error: Slider cannot foundGuano ExtractUn engrais compl\u00e9mentaire enti\u00e8rement biologique pour fleurs et fruitiers. Le Guano est reconnu comme un tr\u00e8s bon engrais pour toutes sortes de plantes. Ceci dit, la nature a besoin de temps pour transformer la source des engrais en source de nutrition pour la plante. En culture couverte, le cycle de beaucoup [&hellip;]<\/p>\n","protected":false},"author":1,"featured_media":0,"parent":985,"menu_order":6,"comment_status":"closed","ping_status":"closed","template":"","meta":[],"_links":{"self":[{"href":"https:\/\/www.nomercy.nl\/site\/wp-json\/wp\/v2\/pages\/1005"}],"collection":[{"href":"https:\/\/www.nomercy.nl\/site\/wp-json\/wp\/v2\/pages"}],"about":[{"href":"https:\/\/www.nomercy.nl\/site\/wp-json\/wp\/v2\/types\/page"}],"author":[{"embeddable":true,"href":"https:\/\/www.nomercy.nl\/site\/wp-json\/wp\/v2\/users\/1"}],"replies":[{"embeddable":true,"href":"https:\/\/www.nomercy.nl\/site\/wp-json\/wp\/v2\/comments?post=1005"}],"version-history":[{"count":2,"href":"https:\/\/www.nomercy.nl\/site\/wp-json\/wp\/v2\/pages\/1005\/revisions"}],"predecessor-version":[{"id":1007,"href":"https:\/\/www.nomercy.nl\/site\/wp-json\/wp\/v2\/pages\/1005\/revisions\/1007"}],"up":[{"embeddable":true,"href":"https:\/\/www.nomercy.nl\/site\/wp-json\/wp\/v2\/pages\/985"}],"wp:attachment":[{"href":"https:\/\/www.nomercy.nl\/site\/wp-json\/wp\/v2\/media?parent=1005"}],"curies":[{"name":"wp","href":"https:\/\/api.w.org\/{rel}","templated":true}]}}